{"id":1164,"date":"2021-09-02T23:17:39","date_gmt":"2021-09-02T23:17:39","guid":{"rendered":"https:\/\/riskcensus.org\/?page_id=1164"},"modified":"2022-03-10T13:22:49","modified_gmt":"2022-03-10T13:22:49","slug":"sandbox","status":"publish","type":"page","link":"https:\/\/riskcensus.org\/fr\/sandbox\/","title":{"rendered":"Sandbox"},"content":{"rendered":"\n\n\t<html>\n<head>\n    <title>Risk Census wordart<\/title>\n    <meta name=\"author\" content=\"WordArt.com\"\/>\n<\/head>\n<body>\n    \n<\/body>\n<\/html>\n\t<div id=\"chart__frm_pie1\" style=\"height:400;width:100%\"><\/div>\n\t<p>Hi UABB. You should be seeing a video right under here. Just to show you it&rsquo;s there, here is the direct link in this text box:<\/p>\n<div style=\"width: 640px;\" class=\"wp-video\"><video class=\"wp-video-shortcode\" id=\"video-1164-1\" width=\"640\" height=\"360\" preload=\"metadata\" controls=\"controls\"><source type=\"video\/mp4\" src=\"https:\/\/riskcensus.org\/direct-uploads\/Risk%20Census%20reviewer%20intro.mp4?_=1\" \/><a href=\"https:\/\/riskcensus.org\/direct-uploads\/Risk%20Census%20reviewer%20intro.mp4\">https:\/\/riskcensus.org\/direct-uploads\/Risk%20Census%20reviewer%20intro.mp4<\/a><\/video><\/div>\n<p>If your module was working, you would see another copy of the same video right below here.<\/p>\n<p>Region.<\/p>\n\t\t\t\t\t<video src=\"https:\/\/riskcensus.org\/direct-uploads\/Risk%20Census%20reviewer%20intro.mp4\"><\/video>\n\t\t\t\t<img loading=\"lazy\" decoding=\"async\" src=\"https:\/\/riskcensus.org\/wp-content\/uploads\/2021\/08\/worldwide-panorama.jpg\" alt=\"Singapore landmark Merlion with sunrise Panorama\" itemprop=\"image\" height=\"789\" width=\"1920\" title=\"Singapore landmark Merlion with sunrise Panorama\" onerror=\"this.style.display='none'\"  \/>\n\t<div class=\"frm_forms  with_frm_style frm_center_submit frm_style_lines-no-boxes frm_chat_form_cont\" id=\"frm_form_30_container\" data-token=\"84657727e0e8ffef015fe27fd2eca264\">\n<form enctype=\"multipart\/form-data\" method=\"post\" class=\"frm-show-form  frm_js_validate  frm_ajax_submit  frm_pro_form \" id=\"form_thequickquestionnaire\" data-token=\"84657727e0e8ffef015fe27fd2eca264\">\n<div class=\"frm_form_fields \">\n<fieldset>\n<legend class=\"frm_screen_reader\">Le questionnaire rapide<\/legend>\r\n\r\n<div class=\"frm-chat-progress\" frm-question-offset=\"0\" frm-question-total=\"6\"><div class=\"frm-progress-bar\"><div><\/div><div><\/div><\/div><div class=\"frm-progress-text\" frm-progress-string=\"[current] sur [total]\"><\/div><\/div><div class=\"frm_chat_form frm_fields_container\">\n<input type=\"hidden\" name=\"frm_action\" value=\"create\" \/>\n<div class=\"frm_active_chat_field frm_chat_start_page\" style=\"--title-margin-bottom: 25px;\" tabindex=\"0\"><h3 class=\"frm_form_title\">Le questionnaire rapide<\/h3><div class=\"frm_description\"><p>Six questions rapides pour vous pr\u00e9senter le recensement mondial des risques<\/p><\/div><div class=\"frm_submit frm_chat_start_wrapper\"><button class=\"button button-primary frm-button-primary frm_chat_start\">Start<\/button><span class=\"frm_press_enter\">appuyer <strong>Valider<\/strong> <svg width=\"16\" height=\"11\" fill=\"none\" xmlns=\"http:\/\/www.w3.org\/2000\/svg\" viewBox=\"0 0 16 11\"><path fill=\"currentColor\" d=\"M15.3 6c0 .7-.3 1.2-.7 1.7a2.2 2.2 0 0 1-1.7.7H7.4v2.3L.6 7.5l6.8-3.2v2.3H12c.3 0 .6-.1.8-.3.3-.2.4-.5.4-.8V.7h2V6Z\"\/><\/svg><\/span><\/div><\/div><input type=\"hidden\" name=\"form_id\" value=\"30\" \/>\n<input type=\"hidden\" name=\"frm_hide_fields_30\" id=\"frm_hide_fields_30\" value=\"\" \/>\n<input type=\"hidden\" name=\"form_key\" value=\"thequickquestionnaire\" \/>\n<input type=\"hidden\" name=\"item_meta[0]\" value=\"\" \/>\n<input type=\"hidden\" id=\"frm_submit_entry_30\" name=\"frm_submit_entry_30\" value=\"e3ea2a22ac\" \/><input type=\"hidden\" name=\"_wp_http_referer\" value=\"\/fr\/wp-json\/wp\/v2\/pages\/1164\" \/><input type=\"hidden\" name=\"item_meta[2159]\" id=\"field_efx0z\" value=\"fr\"  data-frmval=\"fr\"   \/>\n<div id=\"frm_field_2156_container\" class=\"frm_form_field frm_inactive_chat_field frm_autoadvance form-field  frm_top_container\">\r\n    <label for=\"field_uy6hy\" id=\"field_uy6hy_label\" class=\"frm_primary_label\">J'\u00e9valuerais mon niveau actuel de stress dans la vie comme suit :\r\n        <span class=\"frm_required\" aria-hidden=\"true\"><\/span>\r\n    <\/label>\r\n    <div class=\"frm_opt_container\" aria-labelledby=\"field_uy6hy_label\" role=\"radiogroup\"><div class=\"frm_scale \"><label for=\"field_uy6hy-0\">\n<input type=\"radio\" name=\"item_meta[2156]\" id=\"field_uy6hy-0\" value=\"0\"  data-invmsg=\"J&#039;\u00e9valuerais mon niveau actuel de stress dans la vie comme suit : est non valide\" aria-invalid=\"false\"   \/>\n0<\/label>\n<\/div>\n<div class=\"frm_scale \"><label for=\"field_uy6hy-1\">\n<input type=\"radio\" name=\"item_meta[2156]\" id=\"field_uy6hy-1\" value=\"1\"  data-invmsg=\"J&#039;\u00e9valuerais mon niveau actuel de stress dans la vie comme suit : est non valide\" aria-invalid=\"false\"   \/>\n1<\/label>\n<\/div>\n<div class=\"frm_scale \"><label for=\"field_uy6hy-2\">\n<input type=\"radio\" name=\"item_meta[2156]\" id=\"field_uy6hy-2\" value=\"2\"  data-invmsg=\"J&#039;\u00e9valuerais mon niveau actuel de stress dans la vie comme suit : est non valide\" aria-invalid=\"false\"   \/>\n2<\/label>\n<\/div>\n<div class=\"frm_scale \"><label for=\"field_uy6hy-3\">\n<input type=\"radio\" name=\"item_meta[2156]\" id=\"field_uy6hy-3\" value=\"3\"  data-invmsg=\"J&#039;\u00e9valuerais mon niveau actuel de stress dans la vie comme suit : est non valide\" aria-invalid=\"false\"   \/>\n3<\/label>\n<\/div>\n<div class=\"frm_scale \"><label for=\"field_uy6hy-4\">\n<input type=\"radio\" name=\"item_meta[2156]\" id=\"field_uy6hy-4\" value=\"4\"  data-invmsg=\"J&#039;\u00e9valuerais mon niveau actuel de stress dans la vie comme suit : est non valide\" aria-invalid=\"false\"   \/>\n4<\/label>\n<\/div>\n<div class=\"frm_scale \"><label for=\"field_uy6hy-5\">\n<input type=\"radio\" name=\"item_meta[2156]\" id=\"field_uy6hy-5\" value=\"5\"  data-invmsg=\"J&#039;\u00e9valuerais mon niveau actuel de stress dans la vie comme suit : est non valide\" aria-invalid=\"false\"   \/>\n5<\/label>\n<\/div>\n<div class=\"frm_scale \"><label for=\"field_uy6hy-6\">\n<input type=\"radio\" name=\"item_meta[2156]\" id=\"field_uy6hy-6\" value=\"6\"  data-invmsg=\"J&#039;\u00e9valuerais mon niveau actuel de stress dans la vie comme suit : est non valide\" aria-invalid=\"false\"   \/>\n6<\/label>\n<\/div>\n<div class=\"frm_scale \"><label for=\"field_uy6hy-7\">\n<input type=\"radio\" name=\"item_meta[2156]\" id=\"field_uy6hy-7\" value=\"7\"  data-invmsg=\"J&#039;\u00e9valuerais mon niveau actuel de stress dans la vie comme suit : est non valide\" aria-invalid=\"false\"   \/>\n7<\/label>\n<\/div>\n<div class=\"frm_scale \"><label for=\"field_uy6hy-8\">\n<input type=\"radio\" name=\"item_meta[2156]\" id=\"field_uy6hy-8\" value=\"8\"  data-invmsg=\"J&#039;\u00e9valuerais mon niveau actuel de stress dans la vie comme suit : est non valide\" aria-invalid=\"false\"   \/>\n8<\/label>\n<\/div>\n<div class=\"frm_scale \"><label for=\"field_uy6hy-9\">\n<input type=\"radio\" name=\"item_meta[2156]\" id=\"field_uy6hy-9\" value=\"9\"  data-invmsg=\"J&#039;\u00e9valuerais mon niveau actuel de stress dans la vie comme suit : est non valide\" aria-invalid=\"false\"   \/>\n9<\/label>\n<\/div>\n<div class=\"frm_scale  frm_last\"><label for=\"field_uy6hy-10\">\n<input type=\"radio\" name=\"item_meta[2156]\" id=\"field_uy6hy-10\" value=\"10\"  data-invmsg=\"J&#039;\u00e9valuerais mon niveau actuel de stress dans la vie comme suit : est non valide\" aria-invalid=\"false\"   \/>\n10<\/label>\n<\/div>\n<div style=\"clear:both;\"><\/div>\n<\/div>\r\n    <div class=\"frm_description\" id=\"frm_desc_field_uy6hy\">0 indique AUCUN STRESS 10 indique STRESS EXTR\u00caME<\/div>\r\n    \r\n<\/div>\n<div id=\"frm_field_2104_container\" class=\"frm_form_field frm_inactive_chat_field frm_autoadvance form-field  frm_top_container frm12 frm_first vertical_radio\">\r\n    <div  id=\"field_t44wa_label\" class=\"frm_primary_label\">Pour les soins m\u00e9dicaux de routine (non urgents), je suis g\u00e9n\u00e9ralement en mesure de consulter un m\u00e9decin au sein de :\r\n        <span class=\"frm_required\" aria-hidden=\"true\"><\/span>\r\n    <\/div>\r\n    <div class=\"frm_opt_container\" aria-labelledby=\"field_t44wa_label\" role=\"radiogroup\">\t\t<div class=\"frm_radio\" id=\"frm_radio_2104-0\">\t\t\t<label  for=\"field_t44wa-0\">\n\t\t\t\t\t<input type=\"radio\" name=\"item_meta[2104]\" id=\"field_t44wa-0\" value=\"Same day\"\n\t\t data-invmsg=\"Pour les soins m\u00e9dicaux de routine (non urgents), je suis g\u00e9n\u00e9ralement en mesure de consulter un m\u00e9decin au sein de : est non valide\"   \/> Le jour m\u00eame<\/label><\/div>\n\t\t<div class=\"frm_radio\" id=\"frm_radio_2104-1\">\t\t\t<label  for=\"field_t44wa-1\">\n\t\t\t\t\t<input type=\"radio\" name=\"item_meta[2104]\" id=\"field_t44wa-1\" value=\"2 to 4 days\"\n\t\t data-invmsg=\"Pour les soins m\u00e9dicaux de routine (non urgents), je suis g\u00e9n\u00e9ralement en mesure de consulter un m\u00e9decin au sein de : est non valide\"   \/> 2 \u00e0 4 jours<\/label><\/div>\n\t\t<div class=\"frm_radio\" id=\"frm_radio_2104-2\">\t\t\t<label  for=\"field_t44wa-2\">\n\t\t\t\t\t<input type=\"radio\" name=\"item_meta[2104]\" id=\"field_t44wa-2\" value=\"5 to 14 days\"\n\t\t data-invmsg=\"Pour les soins m\u00e9dicaux de routine (non urgents), je suis g\u00e9n\u00e9ralement en mesure de consulter un m\u00e9decin au sein de : est non valide\"   \/> 5 \u00e0 14 jours<\/label><\/div>\n\t\t<div class=\"frm_radio\" id=\"frm_radio_2104-3\">\t\t\t<label  for=\"field_t44wa-3\">\n\t\t\t\t\t<input type=\"radio\" name=\"item_meta[2104]\" id=\"field_t44wa-3\" value=\"More than two weeks\"\n\t\t data-invmsg=\"Pour les soins m\u00e9dicaux de routine (non urgents), je suis g\u00e9n\u00e9ralement en mesure de consulter un m\u00e9decin au sein de : est non valide\"   \/> Plus de deux semaines<\/label><\/div>\n\t\t<div class=\"frm_radio\" id=\"frm_radio_2104-4\">\t\t\t<label  for=\"field_t44wa-4\">\n\t\t\t\t\t<input type=\"radio\" name=\"item_meta[2104]\" id=\"field_t44wa-4\" value=\"There is no doctor near me\"\n\t\t data-invmsg=\"Pour les soins m\u00e9dicaux de routine (non urgents), je suis g\u00e9n\u00e9ralement en mesure de consulter un m\u00e9decin au sein de : est non valide\"   \/> Il n'y a pas de m\u00e9decin pr\u00e8s de chez moi<\/label><\/div>\n\t\t<div class=\"frm_radio\" id=\"frm_radio_2104-5\">\t\t\t<label  for=\"field_t44wa-5\">\n\t\t\t\t\t<input type=\"radio\" name=\"item_meta[2104]\" id=\"field_t44wa-5\" value=\"Don&#039;t know \/ no opinion\"\n\t\t data-invmsg=\"Pour les soins m\u00e9dicaux de routine (non urgents), je suis g\u00e9n\u00e9ralement en mesure de consulter un m\u00e9decin au sein de : est non valide\"   \/> Je ne sait pas \/ pas d'opinion<\/label><\/div>\n<\/div>\r\n    \r\n    \r\n<\/div>\n<div id=\"frm_field_2160_container\" class=\"frm_form_field frm_inactive_chat_field frm_autoadvance form-field  frm_top_container vertical_radio\">\r\n    <div  id=\"field_9ahiu_label\" class=\"frm_primary_label\">Je m'inqui\u00e8te pour la s\u00e9curit\u00e9 de mon eau potable :\r\n        <span class=\"frm_required\" aria-hidden=\"true\"><\/span>\r\n    <\/div>\r\n    <div class=\"frm_opt_container\" aria-labelledby=\"field_9ahiu_label\" role=\"radiogroup\">\t\t<div class=\"frm_radio\" id=\"frm_radio_2160-0\">\t\t\t<label  for=\"field_9ahiu-0\">\n\t\t\t\t\t<input type=\"radio\" name=\"item_meta[2160]\" id=\"field_9ahiu-0\" value=\"Not at all\"\n\t\t data-invmsg=\"Je m&#039;inqui\u00e8te pour la s\u00e9curit\u00e9 de mon eau potable : est non valide\"   \/> Pas du tout<\/label><\/div>\n\t\t<div class=\"frm_radio\" id=\"frm_radio_2160-1\">\t\t\t<label  for=\"field_9ahiu-1\">\n\t\t\t\t\t<input type=\"radio\" name=\"item_meta[2160]\" id=\"field_9ahiu-1\" value=\"A little\"\n\t\t data-invmsg=\"Je m&#039;inqui\u00e8te pour la s\u00e9curit\u00e9 de mon eau potable : est non valide\"   \/> Un peu<\/label><\/div>\n\t\t<div class=\"frm_radio\" id=\"frm_radio_2160-2\">\t\t\t<label  for=\"field_9ahiu-2\">\n\t\t\t\t\t<input type=\"radio\" name=\"item_meta[2160]\" id=\"field_9ahiu-2\" value=\"A fair amount\"\n\t\t data-invmsg=\"Je m&#039;inqui\u00e8te pour la s\u00e9curit\u00e9 de mon eau potable : est non valide\"   \/> Assez<\/label><\/div>\n\t\t<div class=\"frm_radio\" id=\"frm_radio_2160-3\">\t\t\t<label  for=\"field_9ahiu-3\">\n\t\t\t\t\t<input type=\"radio\" name=\"item_meta[2160]\" id=\"field_9ahiu-3\" value=\"Very much\"\n\t\t data-invmsg=\"Je m&#039;inqui\u00e8te pour la s\u00e9curit\u00e9 de mon eau potable : est non valide\"   \/> Beaucoup<\/label><\/div>\n\t\t<div class=\"frm_radio\" id=\"frm_radio_2160-4\">\t\t\t<label  for=\"field_9ahiu-4\">\n\t\t\t\t\t<input type=\"radio\" name=\"item_meta[2160]\" id=\"field_9ahiu-4\" value=\"Don&#039;t know \/ no opinion\"\n\t\t data-invmsg=\"Je m&#039;inqui\u00e8te pour la s\u00e9curit\u00e9 de mon eau potable : est non valide\"   \/> Ne sait pas \/ pas d'opinion<\/label><\/div>\n<\/div>\r\n    \r\n    \r\n<\/div>\n<div id=\"frm_field_2108_container\" class=\"frm_form_field frm_inactive_chat_field frm_autoadvance form-field  frm_top_container vertical_radio\">\r\n    <div  id=\"field_83ed0_label\" class=\"frm_primary_label\">Moi et ceux qui vivons dans le m\u00eame logement avons l'impression que notre quartier est actuellement :\r\n        <span class=\"frm_required\" aria-hidden=\"true\"><\/span>\r\n    <\/div>\r\n    <div class=\"frm_opt_container\" aria-labelledby=\"field_83ed0_label\" role=\"radiogroup\">\t\t<div class=\"frm_radio\" id=\"frm_radio_2108-0\">\t\t\t<label  for=\"field_83ed0-0\">\n\t\t\t\t\t<input type=\"radio\" name=\"item_meta[2108]\" id=\"field_83ed0-0\" value=\"Very safe\"\n\t\t data-invmsg=\"Moi et ceux qui vivons dans le m\u00eame logement avons l&#039;impression que notre quartier est actuellement : est non valide\"   \/> Tr\u00e8s s\u00fbr<\/label><\/div>\n\t\t<div class=\"frm_radio\" id=\"frm_radio_2108-1\">\t\t\t<label  for=\"field_83ed0-1\">\n\t\t\t\t\t<input type=\"radio\" name=\"item_meta[2108]\" id=\"field_83ed0-1\" value=\"Somewhat\u00a0safe\"\n\t\t data-invmsg=\"Moi et ceux qui vivons dans le m\u00eame logement avons l&#039;impression que notre quartier est actuellement : est non valide\"   \/> Assez s\u00fbr<\/label><\/div>\n\t\t<div class=\"frm_radio\" id=\"frm_radio_2108-2\">\t\t\t<label  for=\"field_83ed0-2\">\n\t\t\t\t\t<input type=\"radio\" name=\"item_meta[2108]\" id=\"field_83ed0-2\" value=\"Somewhat unsafe\"\n\t\t data-invmsg=\"Moi et ceux qui vivons dans le m\u00eame logement avons l&#039;impression que notre quartier est actuellement : est non valide\"   \/> Assez dangereux<\/label><\/div>\n\t\t<div class=\"frm_radio\" id=\"frm_radio_2108-3\">\t\t\t<label  for=\"field_83ed0-3\">\n\t\t\t\t\t<input type=\"radio\" name=\"item_meta[2108]\" id=\"field_83ed0-3\" value=\"Very unsafe\"\n\t\t data-invmsg=\"Moi et ceux qui vivons dans le m\u00eame logement avons l&#039;impression que notre quartier est actuellement : est non valide\"   \/> Tr\u00e8s dangereux<\/label><\/div>\n\t\t<div class=\"frm_radio\" id=\"frm_radio_2108-4\">\t\t\t<label  for=\"field_83ed0-4\">\n\t\t\t\t\t<input type=\"radio\" name=\"item_meta[2108]\" id=\"field_83ed0-4\" value=\"Don&#039;t know \/ no opinion\"\n\t\t data-invmsg=\"Moi et ceux qui vivons dans le m\u00eame logement avons l&#039;impression que notre quartier est actuellement : est non valide\"   \/> Je ne sais pas \/ pas d'opinion<\/label><\/div>\n<\/div>\r\n    \r\n    \r\n<\/div>\n<div id=\"frm_field_2109_container\" class=\"frm_form_field frm_inactive_chat_field frm_autoadvance form-field  frm_top_container vertical_radio\">\r\n    <div  id=\"field_tzo0f_label\" class=\"frm_primary_label\">\"Je m'inqui\u00e8te de la dette nationale de mon pays.\"\r\n        <span class=\"frm_required\" aria-hidden=\"true\"><\/span>\r\n    <\/div>\r\n    <div class=\"frm_opt_container\" aria-labelledby=\"field_tzo0f_label\" role=\"radiogroup\">\t\t<div class=\"frm_radio\" id=\"frm_radio_2109-0\">\t\t\t<label  for=\"field_tzo0f-0\">\n\t\t\t\t\t<input type=\"radio\" name=\"item_meta[2109]\" id=\"field_tzo0f-0\" value=\"Strongly agree\"\n\t\t data-invmsg=\"&quot;Je m&#039;inqui\u00e8te de la dette nationale de mon pays.&quot; est non valide\"   \/> Tout \u00e0 fait d'accord<\/label><\/div>\n\t\t<div class=\"frm_radio\" id=\"frm_radio_2109-1\">\t\t\t<label  for=\"field_tzo0f-1\">\n\t\t\t\t\t<input type=\"radio\" name=\"item_meta[2109]\" id=\"field_tzo0f-1\" value=\"Somewhat agree\"\n\t\t data-invmsg=\"&quot;Je m&#039;inqui\u00e8te de la dette nationale de mon pays.&quot; est non valide\"   \/> Plut\u00f4t d'accord<\/label><\/div>\n\t\t<div class=\"frm_radio\" id=\"frm_radio_2109-2\">\t\t\t<label  for=\"field_tzo0f-2\">\n\t\t\t\t\t<input type=\"radio\" name=\"item_meta[2109]\" id=\"field_tzo0f-2\" value=\"Somewhat disagree\"\n\t\t data-invmsg=\"&quot;Je m&#039;inqui\u00e8te de la dette nationale de mon pays.&quot; est non valide\"   \/> Un peu en d\u00e9saccord<\/label><\/div>\n\t\t<div class=\"frm_radio\" id=\"frm_radio_2109-3\">\t\t\t<label  for=\"field_tzo0f-3\">\n\t\t\t\t\t<input type=\"radio\" name=\"item_meta[2109]\" id=\"field_tzo0f-3\" value=\"Strongly disagree\"\n\t\t data-invmsg=\"&quot;Je m&#039;inqui\u00e8te de la dette nationale de mon pays.&quot; est non valide\"   \/> Tout \u00e0 fait en d\u00e9saccord<\/label><\/div>\n\t\t<div class=\"frm_radio\" id=\"frm_radio_2109-4\">\t\t\t<label  for=\"field_tzo0f-4\">\n\t\t\t\t\t<input type=\"radio\" name=\"item_meta[2109]\" id=\"field_tzo0f-4\" value=\"Don&#039;t know \/ no opinion\"\n\t\t data-invmsg=\"&quot;Je m&#039;inqui\u00e8te de la dette nationale de mon pays.&quot; est non valide\"   \/> Je ne sait pas \/ pas d'opinion<\/label><\/div>\n<\/div>\r\n    \r\n    \r\n<\/div>\n<div id=\"frm_field_2111_container\" class=\"frm_form_field frm_inactive_chat_field form-field  frm_top_container vertical_radio\">\r\n    <div  id=\"field_6ftlw_label\" class=\"frm_primary_label\">Ces sources d'\u00e9nergie sont les meilleures pour notre avenir :\r\n        <span class=\"frm_required\" aria-hidden=\"true\"><\/span>\r\n    <\/div>\r\n    <div class=\"frm_opt_container\" aria-labelledby=\"field_6ftlw_label\" role=\"group\">\t\t<div class=\"frm_checkbox\" id=\"frm_checkbox_2111-0\">\t\t\t<label  for=\"field_6ftlw-0\">\n\t\t\t<input type=\"checkbox\" name=\"item_meta[2111][]\" id=\"field_6ftlw-0\" value=\"Solar\"  data-frmlimit=\"3\"  data-invmsg=\"Ces sources d&#039;\u00e9nergie sont les meilleures pour notre avenir : est non valide\"   \/> Solaire<\/label><\/div>\n\t\t<div class=\"frm_checkbox\" id=\"frm_checkbox_2111-1\">\t\t\t<label  for=\"field_6ftlw-1\">\n\t\t\t<input type=\"checkbox\" name=\"item_meta[2111][]\" id=\"field_6ftlw-1\" value=\"Geothermal\"  data-frmlimit=\"3\"  data-invmsg=\"Ces sources d&#039;\u00e9nergie sont les meilleures pour notre avenir : est non valide\"   \/> G\u00e9othermie<\/label><\/div>\n\t\t<div class=\"frm_checkbox\" id=\"frm_checkbox_2111-2\">\t\t\t<label  for=\"field_6ftlw-2\">\n\t\t\t<input type=\"checkbox\" name=\"item_meta[2111][]\" id=\"field_6ftlw-2\" value=\"Wind\"  data-frmlimit=\"3\"  data-invmsg=\"Ces sources d&#039;\u00e9nergie sont les meilleures pour notre avenir : est non valide\"   \/> Vent<\/label><\/div>\n\t\t<div class=\"frm_checkbox\" id=\"frm_checkbox_2111-3\">\t\t\t<label  for=\"field_6ftlw-3\">\n\t\t\t<input type=\"checkbox\" name=\"item_meta[2111][]\" id=\"field_6ftlw-3\" value=\"Hydroelectric\"  data-frmlimit=\"3\"  data-invmsg=\"Ces sources d&#039;\u00e9nergie sont les meilleures pour notre avenir : est non valide\"   \/> Hydro\u00e9lectricit\u00e9<\/label><\/div>\n\t\t<div class=\"frm_checkbox\" id=\"frm_checkbox_2111-4\">\t\t\t<label  for=\"field_6ftlw-4\">\n\t\t\t<input type=\"checkbox\" name=\"item_meta[2111][]\" id=\"field_6ftlw-4\" value=\"Nuclear\"  data-frmlimit=\"3\"  data-invmsg=\"Ces sources d&#039;\u00e9nergie sont les meilleures pour notre avenir : est non valide\"   \/> Nucl\u00e9aire<\/label><\/div>\n\t\t<div class=\"frm_checkbox\" id=\"frm_checkbox_2111-5\">\t\t\t<label  for=\"field_6ftlw-5\">\n\t\t\t<input type=\"checkbox\" name=\"item_meta[2111][]\" id=\"field_6ftlw-5\" value=\"Biomass\"  data-frmlimit=\"3\"  data-invmsg=\"Ces sources d&#039;\u00e9nergie sont les meilleures pour notre avenir : est non valide\"   \/> Biomasse<\/label><\/div>\n\t\t<div class=\"frm_checkbox\" id=\"frm_checkbox_2111-6\">\t\t\t<label  for=\"field_6ftlw-6\">\n\t\t\t<input type=\"checkbox\" name=\"item_meta[2111][]\" id=\"field_6ftlw-6\" value=\"Coal\"  data-frmlimit=\"3\"  data-invmsg=\"Ces sources d&#039;\u00e9nergie sont les meilleures pour notre avenir : est non valide\"   \/> Charbon<\/label><\/div>\n\t\t<div class=\"frm_checkbox\" id=\"frm_checkbox_2111-7\">\t\t\t<label  for=\"field_6ftlw-7\">\n\t\t\t<input type=\"checkbox\" name=\"item_meta[2111][]\" id=\"field_6ftlw-7\" value=\"Natural gas\"  data-frmlimit=\"3\"  data-invmsg=\"Ces sources d&#039;\u00e9nergie sont les meilleures pour notre avenir : est non valide\"   \/> Gaz naturel<\/label><\/div>\n\t\t<div class=\"frm_checkbox\" id=\"frm_checkbox_2111-8\">\t\t\t<label  for=\"field_6ftlw-8\">\n\t\t\t<input type=\"checkbox\" name=\"item_meta[2111][]\" id=\"field_6ftlw-8\" value=\"Petroleum fuel\"  data-frmlimit=\"3\"  data-invmsg=\"Ces sources d&#039;\u00e9nergie sont les meilleures pour notre avenir : est non valide\"   \/> Combustible p\u00e9trolier<\/label><\/div>\n\t\t<div class=\"frm_checkbox\" id=\"frm_checkbox_2111-9\">\t\t\t<label  for=\"field_6ftlw-9\">\n\t\t\t<input type=\"checkbox\" name=\"item_meta[2111][]\" id=\"field_6ftlw-9\" value=\"Don&#039;t know \/ no opinion\"  data-frmlimit=\"3\"  data-invmsg=\"Ces sources d&#039;\u00e9nergie sont les meilleures pour notre avenir : est non valide\"   \/> Je ne sait pas \/ pas d'opinion<\/label><\/div>\n<\/div>\r\n    <div class=\"frm_description\" id=\"frm_desc_field_6ftlw\">Choisissez jusqu'\u00e0 trois<\/div>\r\n    \r\n<\/div>\n\t<input type=\"hidden\" name=\"item_key\" value=\"\" \/>\n\t\t\t<div id=\"frm_field_2207_container\">\n\t\t\t<label for=\"field_s1a4m\" >\n\t\t\t\tSi vous \u00eates un humain, ne remplissez pas ce champ.\t\t\t<\/label>\n\t\t\t<input  id=\"field_s1a4m\" type=\"text\" class=\"frm_form_field form-field frm_verify\" name=\"item_meta[2207]\" value=\"\"  \/>\n\t\t<\/div>\n\t\t<input name=\"frm_state\" type=\"hidden\" value=\"so8\/AoK79wOb6r4s+MgJ6HyhJoUwAdza8gffOUWUilQ3BSstEZpMaWJ0wqIXDQ6g\" \/>\t\t<svg aria-hidden=\"true\" style=\"position: absolute; width: 0; height: 0; overflow: hidden;\" version=\"1.1\" xmlns=\"http:\/\/www.w3.org\/2000\/svg\" xmlns:xlink=\"http:\/\/www.w3.org\/1999\/xlink\">\n\t\t\t<defs>\n\t\t\t\t<symbol id=\"frm_trash_icon\" viewBox=\"0 0 20 20\" fill=\"none\"><path d=\"M2.5 5h15M6.667 5V3.334a1.667 1.667 0 011.667-1.667h3.333a1.667 1.667 0 011.667 1.667V5m2.5 0v11.667a1.667 1.667 0 01-1.667 1.667H5.834a1.667 1.667 0 01-1.667-1.667V5h11.667z\" stroke=\"#484E54\" stroke-linecap=\"round\" stroke-linejoin=\"round\"\/><\/symbol>\n\t\t\t<\/defs>\n\t\t<\/svg>\n\t\t<\/div>\n<\/fieldset>\n<\/div>\n\n<p style=\"display: none !important;\" class=\"akismet-fields-container\" data-prefix=\"ak_\"><label>&#916;<textarea name=\"ak_hp_textarea\" cols=\"45\" rows=\"8\" maxlength=\"100\"><\/textarea><\/label><input type=\"hidden\" id=\"ak_js_1\" name=\"ak_js\" value=\"21\"\/><script>\ndocument.getElementById( \"ak_js_1\" ).setAttribute( \"value\", ( new Date() ).getTime() );\n<\/script>\n<\/p><\/form><div class=\"frm-chat-wrapper\"><div class=\"frm_continue_chat_wrapper frm_submit\"><button class=\"button button-primary frm-button-primary frm_continue_chat frm_button_submit frm_hidden\"><span class=\"frm_continue_text\">Next question<\/span><span class=\"frm_continue_final_text\">Soumettez votre questionnaire rapide<\/span> <svg width=\"16\" height=\"11\" fill=\"none\" xmlns=\"http:\/\/www.w3.org\/2000\/svg\" viewBox=\"0 0 16 11\"><path fill=\"currentColor\" d=\"M15.3 6c0 .7-.3 1.2-.7 1.7a2.2 2.2 0 0 1-1.7.7H7.4v2.3L.6 7.5l6.8-3.2v2.3H12c.3 0 .6-.1.8-.3.3-.2.4-.5.4-.8V.7h2V6Z\"\/><\/svg><\/button><\/div><div class=\"frm_chat_arrows\"><a href=\"#\" class=\"frm_chat_arrow frm_chat_prev_arrow\" role=\"button\" aria-label=\"Pr\u00e9c\u00e9dent\"><svg width=\"19\" height=\"19\" viewBox=\"0 0 19 19\" fill=\"none\" xmlns=\"http:\/\/www.w3.org\/2000\/svg\"><path d=\"M14.75 9.5H4.25\" stroke=\"currentColor\" stroke-linecap=\"round\" stroke-linejoin=\"round\"\/><path d=\"M9.5 14.75L4.25 9.5L9.5 4.25\" stroke=\"currentColor\" stroke-linecap=\"round\" stroke-linejoin=\"round\"\/><\/svg><\/a><a href=\"#\" class=\"frm_chat_arrow frm_chat_next_arrow frm_button_submit\" role=\"button\" aria-label=\"continue\"><svg width=\"19\" height=\"19\" viewBox=\"0 0 19 19\" fill=\"none\" xmlns=\"http:\/\/www.w3.org\/2000\/svg\"><path d=\"M4.25 9.5H14.75\" stroke=\"currentColor\" stroke-linecap=\"round\" stroke-linejoin=\"round\"\/><path d=\"M9.5 14.75L14.75 9.5L9.5 4.25\" stroke=\"currentColor\" stroke-linecap=\"round\" stroke-linejoin=\"round\"\/><\/svg><svg class=\"frm_next_checkmark\" width=\"19\" height=\"19\" viewBox=\"0 0 19 19\" fill=\"none\" xmlns=\"http:\/\/www.w3.org\/2000\/svg\"><path d=\"M15.5 4.875L7.25 13.125L3.5 9.375\" stroke=\"currentColor\" stroke-linecap=\"round\" stroke-linejoin=\"round\"\/><\/svg><\/a><\/div><div class=\"frm-key-instructions\">Utiliser <span class=\"frm-instruction-key\">Maj + Tab<\/span> pour revenir en arri\u00e8re<\/div><\/div>\n<\/div>\n\n\n","protected":false},"excerpt":{"rendered":"<p>Risk Census wordart Hi UABB. You should be seeing a video right under here. Just to show you it&rsquo;s there, here is the direct link in this text box: If your module was working, you would see another copy of the same video right below here. Region.<\/p>\n","protected":false},"author":1,"featured_media":0,"parent":0,"menu_order":0,"comment_status":"closed","ping_status":"closed","template":"","meta":{"_acf_changed":false,"loftloader_pro_show_once":"","loftloader_pro_page_shortcode":"","footnotes":""},"class_list":["post-1164","page","type-page","status-publish","hentry"],"acf":[],"_links":{"self":[{"href":"https:\/\/riskcensus.org\/fr\/wp-json\/wp\/v2\/pages\/1164","targetHints":{"allow":["GET"]}}],"collection":[{"href":"https:\/\/riskcensus.org\/fr\/wp-json\/wp\/v2\/pages"}],"about":[{"href":"https:\/\/riskcensus.org\/fr\/wp-json\/wp\/v2\/types\/page"}],"author":[{"embeddable":true,"href":"https:\/\/riskcensus.org\/fr\/wp-json\/wp\/v2\/users\/1"}],"replies":[{"embeddable":true,"href":"https:\/\/riskcensus.org\/fr\/wp-json\/wp\/v2\/comments?post=1164"}],"version-history":[{"count":0,"href":"https:\/\/riskcensus.org\/fr\/wp-json\/wp\/v2\/pages\/1164\/revisions"}],"wp:attachment":[{"href":"https:\/\/riskcensus.org\/fr\/wp-json\/wp\/v2\/media?parent=1164"}],"curies":[{"name":"wp","href":"https:\/\/api.w.org\/{rel}","templated":true}]}}