{"id":1867,"date":"2021-09-18T17:09:57","date_gmt":"2021-09-18T17:09:57","guid":{"rendered":"https:\/\/riskcensus.org\/recensement-mondial-des-risques\/"},"modified":"2022-04-09T10:30:59","modified_gmt":"2022-04-09T10:30:59","slug":"recensement-mondial-des-risques","status":"publish","type":"page","link":"https:\/\/riskcensus.org\/fr\/","title":{"rendered":"Recensement mondial des risques"},"content":{"rendered":"\n\n\t\t\t<a href=\"https:\/\/riskcensus.org\/fr\/repertoire-des-recensements\/\" target=\"_self\" rel=\"nofollow noopener\" role=\"button\" aria-label=\"Raccourci vers les questionnaires\">\n\t\t\t\t\t\t\tRaccourci vers les questionnaires\n\t\t<\/a>\n<h2>\n\t\tNous vivons dans un monde complexe et en \u00e9volution rapide.\n\t<\/h2>\n\t<h4>L&rsquo;anticipation des risques est essentielle.<\/h4>\n\t<h4>Anticiper les risques ensemble, c&rsquo;est mieux encore.<\/h4>\n\tUn jour nous sommes en bonne sant\u00e9,<br \/>\n<strong>le lendemain nous sommes confront\u00e9s \u00e0 une pand\u00e9mie mondiale.<\/strong>\n<hr \/>\nNous construisons notre maison pr\u00e8s d&rsquo;une belle for\u00eat,<br \/>\n<strong>ensuite un incendie imprudent d\u00e9truit toute la communaut\u00e9.<\/strong>\n<hr \/>\nNos quartiers sont s\u00fbrs,<br \/>\n<strong>tandis que la d\u00e9pendance se propage sans \u00eatre vue.<\/strong>\n<hr \/>\nLa nourriture est abondante,<br \/>\n<strong>jusqu&rsquo;\u00e0 ce qu&rsquo;une s\u00e9cheresse d\u00e9truise la r\u00e9colte.<\/strong>\n<hr \/>\nNous ch\u00e9rissons la paix,<br \/>\n<strong>pourtant des conflits \u00e9clatent.<\/strong>\n<hr \/>\nJuste au moment o\u00f9 le march\u00e9 du travail a fi\u00e8re allure,<br \/>\n<strong>un ralentissement majeur frappe.<\/strong>\n<hr \/>\nNotre r\u00e9seau \u00e9lectrique semble solide,<br \/>\n<strong>jusqu&rsquo;\u00e0 ce qu&rsquo;il soit pirat\u00e9.<\/strong>\n<hr \/>\nSurtout quand la vie semble belle,<br \/>\n<strong>nous devons anticiper les risques.<\/strong>\n<h2>\n\t\tAnticiper les risques ensemble\u2122\n\t<\/h2>\n\t\t\t\t<img decoding=\"async\" src=\"https:\/\/riskcensus.org\/wp-content\/uploads\/2021\/09\/Inv7-Color-tight-crop-1920px-wide.png\" alt=\"Typical users of The Global Risk Census\" title=\"Typical users of The Global Risk Census\" itemprop=\"image\"  \/>\n<h4>\n\t\tLe recensement mondial des risques permet \u00e0 des personnes comme vous, partout dans le monde, d&rsquo;observer les conditions locales que les scientifiques des risques peuvent utiliser pour identifier les risques pour les personnes, la maison, la communaut\u00e9, le pays et m\u00eame la plan\u00e8te enti\u00e8re.\n\t<\/h4>\n\t\t\t\t<img loading=\"lazy\" decoding=\"async\" src=\"https:\/\/riskcensus.org\/wp-content\/uploads\/2021\/07\/Census-human-green-512px-wide-401x1024.png\" alt=\"Recensement humain vert-512px-wide\" itemprop=\"image\" height=\"1024\" width=\"401\" title=\"Recensement humain vert-512px-wide\" onerror=\"this.style.display='none'\"  \/>\n\t<meta itemprop=\"url\" content=\"https:\/\/riskcensus.org\/wp-content\/uploads\/2022\/04\/RECENSEMENT-MONDIAL-DES-RISQUES-30-sec-PSA-1-fr-720.mp4\" \/><div style=\"width: 640px;\" class=\"wp-video\"><video class=\"wp-video-shortcode\" id=\"video-1867-1\" width=\"640\" height=\"360\" poster=\"https:\/\/riskcensus.org\/wp-content\/uploads\/2022\/04\/Recensement-video-1024x576.png\" preload=\"none\" controls=\"controls\"><source type=\"video\/mp4\" src=\"https:\/\/riskcensus.org\/wp-content\/uploads\/2022\/04\/RECENSEMENT-MONDIAL-DES-RISQUES-30-sec-PSA-1-fr-720.mp4?_=1\" \/><source type=\"video\/webm\" src=\"https:\/\/riskcensus.org\/wp-content\/uploads\/2022\/04\/RECENSEMENT-MONDIAL-DES-RISQUES-30-sec-PSA-1-fr-720.webm?_=1\" \/><a href=\"https:\/\/riskcensus.org\/wp-content\/uploads\/2022\/04\/RECENSEMENT-MONDIAL-DES-RISQUES-30-sec-PSA-1-fr-720.mp4\">https:\/\/riskcensus.org\/wp-content\/uploads\/2022\/04\/RECENSEMENT-MONDIAL-DES-RISQUES-30-sec-PSA-1-fr-720.mp4<\/a><\/video><\/div>\n\t<strong>En participant au Recensement mondial des risques, vous nous aidez \u00e0 identifier les probl\u00e8mes sur la base d&rsquo;observations pr\u00e9coces &#8211; vous d\u00e9crivez des conditions qui resteraient autrement inconnues et pourraient entra\u00eener des dommages si elles ne sont pas trait\u00e9es.<\/strong>\n<p>Vos r\u00e9ponses indiquent des tendances. Si une personne dit que l&rsquo;air devient mauvais l\u00e0 o\u00f9 elle vit, c&rsquo;est l&rsquo;observation d&rsquo;une personne. Si une centaine de personnes disent que l&rsquo;air se d\u00e9t\u00e9riore, c&rsquo;est une tendance !<\/p>\n<p>Vos r\u00e9ponses sont toujours anonymes. Le Recensement mondial des risques ne divulgue jamais d&rsquo;informations identifiables relatives au r\u00e9pondant, jamais. Tout ce que nous avons besoin de savoir, c&rsquo;est le pays dans lequel vous vivez, vos conditions de vie et ce que vous observez autour de vous.<\/p>\n<p>Enfin, l&rsquo;ensemble du projet est libre d&rsquo;utilisation. Nous ne facturons aucun frais, jamais. Le Recensement mondial des risques est un projet d&rsquo;int\u00e9r\u00eat public.<\/p>\n<hr \/>\n<p>Avec votre aide, nous ferons de l&rsquo; <em>anticipation des risques<\/em> une r\u00e9alit\u00e9.<\/p>\n<h3>\n\t\tMots simples utilis\u00e9s par les participants au recensement\n\t\tpour d\u00e9crire l&rsquo;\u00e9tat du monde\n\t\t\t\t<\/h3>\t\n\t<p>Les mots apparaissent dans la langue dans laquelle ils ont \u00e9t\u00e9 saisis.<\/p>\n\t<ul class=\"s11cloud\"><li style=\"font-size:26px;color: #AA85C6\"><\/p><p>collapsing<\/li> <li style=\"font-size:26px;color: #AA85C6\"><\/p><p>warm<\/li> <li style=\"font-size:26px;color: #DDDA0B\"><\/p><p>dynamic<\/li> <li style=\"font-size:26px;color: #FB81C5\"><\/p><p>critical<\/li> <li style=\"font-size:26px;color: #efad13\"><\/p><p>complex<\/li> <li style=\"font-size:26px;color: #AA85C6\"><\/p><p>consumerism<\/li> <li style=\"font-size:58px;color:#85C5C6\"><\/p><p>divided<\/li> <li style=\"font-size:26px;color: #FB81C5\"><\/p><p>uncertain<\/li> <li style=\"font-size:26px;color: #FB81C5\"><\/p><p>problematic<\/li> <li style=\"font-size:26px;color:#85C5C6\"><\/p><p>better<\/li> <li style=\"font-size:42px;color: #DDDA0B\"><\/p><p>adaptation<\/li> <li style=\"font-size:26px;color: #AA85C6\"><\/p><p>scary<\/li> <li style=\"font-size:26px;color:#85C5C6\"><\/p><p>terrifying<\/li> <li style=\"font-size:26px;color: #AA85C6\"><\/p><p>adapting<\/li> <li style=\"font-size:26px;color: #DDDA0B\"><\/p><p>unpredictable<\/li> <li style=\"font-size:26px;color: #DDDA0B\"><\/p><p>derelict<\/li> <li style=\"font-size:26px;color: #9dc76a\"><\/p><p>tenuous<\/li> <li style=\"font-size:26px;color: #efad13\"><\/p><p>beautiful<\/li> <li style=\"font-size:26px;color: #efad13\"><\/p><p>unequal<\/li> <li style=\"font-size:26px;color: #AA85C6\"><\/p><p>tragic<\/li> <li style=\"font-size:26px;color: #9dc76a\"><\/p><p>round<\/li> <li style=\"font-size:26px;color:#85C5C6\"><\/p><p>fragile<\/li> <li style=\"font-size:26px;color:#85C5C6\"><\/p><p>depressing<\/li> <li style=\"font-size:42px;color: #9dc76a\"><\/p><p>perilous<\/li> <li style=\"font-size:26px;color: #efad13\"><\/p><p>disaster<\/li> <li style=\"font-size:26px;color: #efad13\"><\/p><p>evolving<\/li> <li style=\"font-size:26px;color: #efad13\"><\/p><p>insecurity<\/li> <li style=\"font-size:26px;color: #9dc76a\"><\/p><p>degrading<\/li> <li style=\"font-size:26px;color: #9dc76a\"><\/p><p>shitshow<\/li> <li style=\"font-size:26px;color:#85C5C6\"><\/p><p>violent<\/li> <li style=\"font-size:26px;color:#85C5C6\"><\/p><p>bad<\/li> <li style=\"font-size:26px;color: #DDDA0B\"><\/p><p>alarming<\/li> <li style=\"font-size:26px;color: #DDDA0B\"><\/p><p>apocalyptic<\/li> <li style=\"font-size:26px;color: #AA85C6\"><\/p><p>espantoso<\/li> <li style=\"font-size:26px;color: #DDDA0B\"><\/p><p>volatile<\/li> <li style=\"font-size:26px;color: #9dc76a\"><\/p><p>crisis<\/li> <li style=\"font-size:74px;color: #9dc76a\"><\/p><p><\/li> <li style=\"font-size:74px;color: #FB81C5\"><\/p><p>precarious<\/li> <li style=\"font-size:26px;color: #efad13\"><\/p><p>unfocused<\/li> <li style=\"font-size:26px;color: #FB81C5\"><\/p><p>chaotic<\/li> <li style=\"font-size:42px;color: #FB81C5\"><\/p><p>disarray<\/li><\/ul><style>ul.s11cloud {\r\n    \tmax-width: 100%;\r\n    \tpadding: 30px 10px;\r\n    \ttext-align:center;\r\n\t\tmargin:0 auto;\r\n\t\tline-height: 1;\r\n\t}\r\n\t.s11cloud li{\r\n\t\tdisplay:inline-block;\r\n\t\tlist-style:none;\r\n\t\tpadding-right:3px;\r\n\t}\r\n\t<\/style>\n<h3>\n\t\tRecensement\n\t\tParticipation\n\t\t\t\t<\/h3>\t\n\t<p>En tant que early adopter, vous nous aidez \u00e0 remplir cette carte.<\/p>\n\t<div id=\"chart__frm_geo1\" style=\"height:800;width:100%\"><\/div>\n<h3>\n\t\tCette semaine\n\t\tDonn\u00e9es en vedette\n\t\t\t\t<\/h3>\t\n\t<div id=\"chart__frm_pie2\" style=\"height:600;width:100%\"><\/div>\n<!--used fields: 74-->\n<!--field to come: 1192, 144 -->\n\t\t\t<a href=\"https:\/\/riskcensus.org\/fr\/repertoire-des-recensements\/\" target=\"_self\" rel=\"noopener\">\n\t\t\t\t\t\t\t\tParticiper sans inscription\n\t\t\t\t\t\t\t<\/a>\n\t\t\t\t\tou\t\t\t\t\n\t\t\t<a href=\"https:\/\/riskcensus.org\/fr\/inscription-recensement\/\" target=\"_self\" rel=\"noopener\">\n\t\t\t\t\t\t\t\tInscrivez-vous puis participez\n\t\t\t\t\t\t\t<\/a>\n\t\t\t\t<img loading=\"lazy\" decoding=\"async\" src=\"https:\/\/riskcensus.org\/wp-content\/uploads\/2021\/07\/census-fillingout.jpg\" alt=\"Participant typique du recensement des risques participant au recensement en tant que service public\" itemprop=\"image\" height=\"755\" width=\"1270\" title=\"Le Recensement mondial des risques en tant que service public\" onerror=\"this.style.display='none'\"  \/>\n\t\t\t<a href=\"https:\/\/riskcensus.org\/fr\/repertoire-des-recensements\/\" target=\"_self\" role=\"button\" rel=\"noopener\">\n\t\t\t\t\t\t\tVisitez la R\u00e9pertoire des recensements\n\t\t\t<\/a>\n<h3>\n\t\tL&rsquo;avenir:\n\t\tNous pouvons le fa\u00e7onner.\n\t\t\t\t<\/h3>\t\n\n","protected":false},"excerpt":{"rendered":"<p>Raccourci vers les questionnaires Nous vivons dans un monde complexe et en \u00e9volution rapide. L&rsquo;anticipation des risques est essentielle. Anticiper les risques ensemble, c&rsquo;est mieux encore. Un jour nous sommes en bonne sant\u00e9, le lendemain nous sommes confront\u00e9s \u00e0 une pand\u00e9mie mondiale. Nous construisons notre maison pr\u00e8s d&rsquo;une belle for\u00eat, ensuite un incendie imprudent d\u00e9truit&hellip;<\/p>\n","protected":false},"author":1,"featured_media":1757,"parent":0,"menu_order":0,"comment_status":"closed","ping_status":"closed","template":"","meta":{"_acf_changed":false,"loftloader_pro_show_once":"","loftloader_pro_page_shortcode":"","footnotes":""},"class_list":["post-1867","page","type-page","status-publish","has-post-thumbnail","hentry"],"acf":[],"_links":{"self":[{"href":"https:\/\/riskcensus.org\/fr\/wp-json\/wp\/v2\/pages\/1867","targetHints":{"allow":["GET"]}}],"collection":[{"href":"https:\/\/riskcensus.org\/fr\/wp-json\/wp\/v2\/pages"}],"about":[{"href":"https:\/\/riskcensus.org\/fr\/wp-json\/wp\/v2\/types\/page"}],"author":[{"embeddable":true,"href":"https:\/\/riskcensus.org\/fr\/wp-json\/wp\/v2\/users\/1"}],"replies":[{"embeddable":true,"href":"https:\/\/riskcensus.org\/fr\/wp-json\/wp\/v2\/comments?post=1867"}],"version-history":[{"count":0,"href":"https:\/\/riskcensus.org\/fr\/wp-json\/wp\/v2\/pages\/1867\/revisions"}],"wp:featuredmedia":[{"embeddable":true,"href":"https:\/\/riskcensus.org\/fr\/wp-json\/wp\/v2\/media\/1757"}],"wp:attachment":[{"href":"https:\/\/riskcensus.org\/fr\/wp-json\/wp\/v2\/media?parent=1867"}],"curies":[{"name":"wp","href":"https:\/\/api.w.org\/{rel}","templated":true}]}}