{"id":1877,"date":"2021-10-05T17:17:45","date_gmt":"2021-10-05T17:17:45","guid":{"rendered":"https:\/\/riskcensus.org\/questionnaire-mondial\/"},"modified":"2022-04-10T09:41:59","modified_gmt":"2022-04-10T09:41:59","slug":"questionnaire-universel","status":"publish","type":"page","link":"https:\/\/riskcensus.org\/fr\/questionnaire-universel\/","title":{"rendered":"Questionnaire principal"},"content":{"rendered":"\n\n<h1>\n\t\tLe recensement mondial des risques :\n\t\tQuestionnaire universel\n\t\t\t\t<\/h1>\t\n\t<div class=\"frm_forms  with_frm_style frm_style_formidable-style\" id=\"frm_form_4_container\" data-token=\"84657727e0e8ffef015fe27fd2eca264\">\n<form enctype=\"multipart\/form-data\" method=\"post\" class=\"frm-show-form  frm_js_validate  frm_pro_form  frm_slidein \" id=\"form_mainquestionnaire\" data-token=\"84657727e0e8ffef015fe27fd2eca264\">\n<div class=\"frm_form_fields  frm_page_num_1\">\n<fieldset>\n<legend class=\"frm_screen_reader\">Le Questionnaire principal<\/legend>\r\n\r\n<div class=\"frm_fields_container\">\n<div class=\"frm_rootline_group\" role=\"group\" tabindex=\"0\" aria-label=\"Page 1 sur 11\" ><ul class=\"frm_page_bar frm_rootline_11 frm_rootline frm_rootline_line  frm_show_lines frm_show_titles\"><li class=\"frm_rootline_single frm_current_page\"><input type=\"button\" value=\"1\" data-page=\"\" class=\" frm_page_1\" aria-disabled=\"true\" data-field=\"0\" aria-label=\"D\u00e9marrer\"  \/><span class=\"frm_rootline_title\">D\u00e9marrer<\/span><\/li><li class=\"frm_rootline_single\"><input type=\"button\" value=\"2\" data-page=\"27\" class=\"frm_page_skip frm_page_2\" data-field=\"210\" aria-label=\"Circonstance\"  \/><span class=\"frm_rootline_title\">Circonstance<\/span><\/li><li class=\"frm_rootline_single\"><input type=\"button\" value=\"3\" data-page=\"67\" class=\"frm_page_skip frm_page_3\" data-field=\"202\" aria-label=\"Sant\u00e9\"  \/><span class=\"frm_rootline_title\">Sant\u00e9<\/span><\/li><li class=\"frm_rootline_single\"><input type=\"button\" value=\"4\" data-page=\"92\" class=\"frm_page_skip frm_page_4\" data-field=\"203\" aria-label=\"Infrastructure\"  \/><span class=\"frm_rootline_title\">Infrastructure<\/span><\/li><li class=\"frm_rootline_single\"><input type=\"button\" value=\"5\" data-page=\"117\" class=\"frm_page_skip frm_page_5\" data-field=\"204\" aria-label=\"S\u00e9curit\u00e9\"  \/><span class=\"frm_rootline_title\">S\u00e9curit\u00e9<\/span><\/li><li class=\"frm_rootline_single\"><input type=\"button\" value=\"6\" data-page=\"134\" class=\"frm_page_skip frm_page_6\" data-field=\"205\" aria-label=\"\u00c9conomie\"  \/><span class=\"frm_rootline_title\">\u00c9conomie<\/span><\/li><li class=\"frm_rootline_single\"><input type=\"button\" value=\"7\" data-page=\"163\" class=\"frm_page_skip frm_page_7\" data-field=\"206\" aria-label=\"Soci\u00e9t\u00e9\"  \/><span class=\"frm_rootline_title\">Soci\u00e9t\u00e9<\/span><\/li><li class=\"frm_rootline_single\"><input type=\"button\" value=\"8\" data-page=\"184\" class=\"frm_page_skip frm_page_8\" data-field=\"207\" aria-label=\"Information\"  \/><span class=\"frm_rootline_title\">Information<\/span><\/li><li class=\"frm_rootline_single\"><input type=\"button\" value=\"9\" data-page=\"201\" class=\"frm_page_skip frm_page_9\" data-field=\"208\" aria-label=\"Environnement\"  \/><span class=\"frm_rootline_title\">Environnement<\/span><\/li><li class=\"frm_rootline_single\"><input type=\"button\" value=\"10\" data-page=\"230\" class=\"frm_page_skip frm_page_10\" data-field=\"209\" aria-label=\"Vos pens\u00e9s\"  \/><span class=\"frm_rootline_title\">Vos pens\u00e9s<\/span><\/li>\t\t<li class=\"frm_rootline_single frm_rootline_show_hidden_steps_btn frm_hidden\">\n\t\t\t<input type=\"button\" class=\"frm_rootline_show_more_btn\" value=\"\u00b7\u00b7\u00b7\" \/>\n\t\t\t<ul class=\"frm_rootline_hidden_steps frm_hidden\"><\/ul>\n\t\t<\/li>\n\t\t<li class=\"frm_rootline_single\"><input type=\"button\" value=\"11\" data-page=\"244\" class=\"frm_page_skip frm_page_11\" data-field=\"344\" aria-label=\"Sommaire\"  \/><span class=\"frm_rootline_title\">Sommaire<\/span><\/li><\/ul><div class=\"frm_clearfix\"><\/div><\/div><input type=\"hidden\" name=\"frm_action\" value=\"create\" \/>\n<input type=\"hidden\" name=\"form_id\" value=\"4\" \/>\n<input type=\"hidden\" name=\"frm_hide_fields_4\" id=\"frm_hide_fields_4\" value=\"\" \/>\n<input type=\"hidden\" name=\"form_key\" value=\"mainquestionnaire\" \/>\n<input type=\"hidden\" name=\"item_meta[0]\" value=\"\" \/>\n<input type=\"hidden\" id=\"frm_submit_entry_4\" name=\"frm_submit_entry_4\" value=\"e3ea2a22ac\" \/><input type=\"hidden\" name=\"_wp_http_referer\" value=\"\/fr\/wp-json\/wp\/v2\/pages\/1877\" \/><input type=\"hidden\" name=\"item_meta[1160]\" id=\"field_mayxt-0\" value=\"\"     \/>\n<input type=\"hidden\" name=\"item_meta[1175]\" id=\"field_ih9nj-0\" value=\"\"     \/>\n<input type=\"hidden\" name=\"item_meta[1161]\" id=\"field_mayxtcaecd36bbe-0\" value=\"\"     \/>\n<input type=\"hidden\" name=\"item_meta[1176]\" id=\"field_7x5mz-0\" value=\"\"     \/>\n<input type=\"hidden\" name=\"item_meta[1189]\" id=\"field_jjnv1-0\" value=\"\"     \/>\n<input type=\"hidden\" name=\"item_meta[1190]\" id=\"field_d75r6-0\" value=\"\"     \/>\n<input type=\"hidden\" name=\"item_meta[1163]\" id=\"field_lb93t-0\" value=\"\"     \/>\n<input type=\"hidden\" name=\"item_meta[1177]\" id=\"field_4gqdq-0\" value=\"\"     \/>\n<input type=\"hidden\" name=\"item_meta[216]\" id=\"field_wust5099a48ec4f\" value=\"\" data-frmval=\"\"\/>\n<input type=\"hidden\" name=\"item_meta[1164]\" id=\"field_pudax-0\" value=\"\"     \/>\n<input type=\"hidden\" name=\"item_meta[1178]\" id=\"field_e8rv-0\" value=\"\"     \/>\n<input type=\"hidden\" name=\"item_meta[1165]\" id=\"field_bj8iw-0\" value=\"\"     \/>\n<input type=\"hidden\" name=\"item_meta[1179]\" id=\"field_n3hr5-0\" value=\"\"     \/>\n<input type=\"hidden\" name=\"item_meta[1186]\" id=\"field_lr6nc\" value=\"fr\"  data-frmval=\"fr\"   \/>\n<input type=\"hidden\" name=\"item_meta[1166]\" id=\"field_fjeyh-0\" value=\"\"     \/>\n<input type=\"hidden\" name=\"item_meta[1180]\" id=\"field_i6vyt-0\" value=\"\"     \/>\n<input type=\"hidden\" name=\"item_meta[217]\" id=\"field_k8xhqf4db2f214e\" value=\"\"     \/>\n<div id=\"frm_field_68_container\" class=\"frm_form_field frm_section_heading form-field \">\r\n<h3 class=\"frm_pos_top frm_section_spacing\">VOUS \u00caTES SUR LE POINT DE COMMENCER<\/h3>\r\n\r\n\r\n<div id=\"frm_field_193_container\" class=\"frm_form_field  frm12 frm_first frm_html_container form-field\">\n<h5>Avant de commencer, nous aimerions faire trois remarques importantes.<\/h5>\n<h5>Vos observations et opinions sont importantes. Vous aidez les scientifiques des risques \u00e0 mieux anticiper les risques \u00e0 la fois l\u00e0 o\u00f9 vous vivez et dans le monde entier.<\/h5>\n<h5>Deuxi\u00e8mement, ce n'est pas un test, donnez-nous simplement vos meilleures r\u00e9ponses possibles.<\/h5>\n<h5>Enfin, merci encore de l'avoir fait.<\/h5>\n<\/p><\/div>\n<\/div>\n<input type=\"hidden\" name=\"frm_page_order_4\" id=\"frm_page_order_4\" value=\"27\" \/><input type=\"hidden\" name=\"item_meta[211]\" id=\"field_dx1cw\" value=\"\"  data-sectionid=\"211\"     \/>\n<input type=\"hidden\" name=\"item_meta[221]\" id=\"field_611om635f017e91\" value=\"\"  data-sectionid=\"211\"  data-placeholder=\"Country of residence\"     \/>\n<input type=\"hidden\" name=\"item_meta[2158]\" id=\"field_rgcn6\" value=\"\"  data-sectionid=\"211\"     \/>\n<input type=\"hidden\" name=\"item_meta[224]\" id=\"field_2fm4x8c79201a59-0\" value=\"\"  data-sectionid=\"211\"     \/>\n<input type=\"hidden\" name=\"item_meta[227]\" id=\"field_743qo871eed8689-0\" value=\"\"  data-sectionid=\"211\"     \/>\n<input type=\"hidden\" name=\"item_meta[1203]\" id=\"field_f7vvi-0\" value=\"\"  data-sectionid=\"211\"  data-frmlimit=\"3\"     \/>\n<input type=\"hidden\" name=\"item_meta[233]\" id=\"field_50v2dd3b527a754-0\" value=\"\"  data-sectionid=\"211\"     \/>\n<input type=\"hidden\" name=\"item_meta[230]\" id=\"field_jiwfr3d3e3ba264-0\" value=\"\"  data-sectionid=\"211\"     \/>\n<input type=\"hidden\" name=\"item_meta[236]\" id=\"field_9tcfk63607df937-0\" value=\"\"  data-sectionid=\"211\"     \/>\n<input type=\"hidden\" name=\"item_meta[1187]\" id=\"field_uyzsn-0\" value=\"\"  data-sectionid=\"211\"  data-frmlimit=\"3\"     \/>\n<input type=\"hidden\" name=\"item_meta[239]\" id=\"field_7hmzr24c5aec19f-0\" value=\"\"  data-sectionid=\"211\"     \/>\n<input type=\"hidden\" name=\"item_meta[242]\" id=\"field_ntf1tde7addcf6f-0\" value=\"\"  data-sectionid=\"211\"     \/>\n<input type=\"hidden\" name=\"item_meta[1188]\" id=\"field_l3rw9-0\" value=\"\"  data-sectionid=\"211\"     \/>\n<input type=\"hidden\" name=\"item_meta[245]\" id=\"field_2h2ur493ea71752-0\" value=\"\"  data-sectionid=\"211\"     \/>\n<input type=\"hidden\" name=\"item_meta[248]\" id=\"field_ufhsqf9d3025971-0\" value=\"\"  data-sectionid=\"211\"     \/>\n<input type=\"hidden\" name=\"item_meta[251]\" id=\"field_2igqu5e8478123e-0\" value=\"\"  data-sectionid=\"211\"     \/>\n<input type=\"hidden\" name=\"item_meta[254]\" id=\"field_wnk8b8caffba542-0\" value=\"\"  data-sectionid=\"211\"     \/>\n<input type=\"hidden\" name=\"item_meta[455]\" id=\"field_z6civ-0\" value=\"\"  data-sectionid=\"211\"     \/>\n<input type=\"hidden\" name=\"item_meta[257]\" id=\"field_81xrac0ba4ed29-0\" value=\"\"  data-sectionid=\"211\"     \/>\n<input type=\"hidden\" name=\"item_meta[212]\" id=\"field_ydtbd\" value=\"\"     \/>\n<input type=\"hidden\" name=\"item_meta[202]\" id=\"field_o5xj1\" value=\"\"     \/>\n<input type=\"hidden\" name=\"item_meta[72]\" id=\"field_8rpna\" value=\"\"     \/>\n<input type=\"hidden\" name=\"item_meta[71]\" id=\"field_nd5tz-0\" value=\"\"  data-sectionid=\"72\"     \/>\n<input type=\"hidden\" name=\"item_meta[74]\" id=\"field_ztu00-0\" value=\"\"  data-sectionid=\"72\"     \/>\n<input type=\"hidden\" name=\"item_meta[110]\" id=\"field_hlyfa-0\" value=\"\"  data-sectionid=\"72\"     \/>\n<input type=\"hidden\" name=\"item_meta[140]\" id=\"field_lr7k0-0\" value=\"\"  data-sectionid=\"72\"     \/>\n<input type=\"hidden\" name=\"item_meta[138]\" id=\"field_fvdrv-0\" value=\"\"  data-sectionid=\"72\"     \/>\n<input type=\"hidden\" name=\"item_meta[145]\" id=\"field_iutb2-0\" value=\"\"  data-sectionid=\"72\"     \/>\n<input type=\"hidden\" name=\"item_meta[161]\" id=\"field_x5135-0\" value=\"\"  data-sectionid=\"72\"     \/>\n<input type=\"hidden\" name=\"item_meta[160]\" id=\"field_m2qi7-0\" value=\"\"  data-sectionid=\"72\"     \/>\n<input type=\"hidden\" name=\"item_meta[1193]\" id=\"field_yzziv-0\" value=\"\"  data-sectionid=\"72\"     \/>\n<input type=\"hidden\" name=\"item_meta[1182]\" id=\"field_z8ocd-0\" value=\"\"  data-sectionid=\"72\"     \/>\n<input type=\"hidden\" name=\"item_meta[73]\" id=\"field_ucw1z\" value=\"\"     \/>\n<input type=\"hidden\" name=\"item_meta[203]\" id=\"field_k3gj2\" value=\"\"     \/>\n<input type=\"hidden\" name=\"item_meta[75]\" id=\"field_xy2fw\" value=\"\"     \/>\n<input type=\"hidden\" name=\"item_meta[77]\" id=\"field_h0ydm-0\" value=\"\"  data-sectionid=\"75\"     \/>\n<input type=\"hidden\" name=\"item_meta[78]\" id=\"field_d5peq-0\" value=\"\"  data-sectionid=\"75\"     \/>\n<input type=\"hidden\" name=\"item_meta[89]\" id=\"field_bdpe6-0\" value=\"\"  data-sectionid=\"75\"     \/>\n<input type=\"hidden\" name=\"item_meta[90]\" id=\"field_fse78-0\" value=\"\"  data-sectionid=\"75\"     \/>\n<input type=\"hidden\" name=\"item_meta[93]\" id=\"field_dsjke-0\" value=\"\"  data-sectionid=\"75\"     \/>\n<input type=\"hidden\" name=\"item_meta[103]\" id=\"field_6jpli-0\" value=\"\"  data-sectionid=\"75\"     \/>\n<input type=\"hidden\" name=\"item_meta[152]\" id=\"field_jnhi5-0\" value=\"\"  data-sectionid=\"75\"     \/>\n<input type=\"hidden\" name=\"item_meta[153]\" id=\"field_u3n55-0\" value=\"\"  data-sectionid=\"75\"     \/>\n<input type=\"hidden\" name=\"item_meta[151]\" id=\"field_nhxka-0\" value=\"\"  data-sectionid=\"75\"     \/>\n<input type=\"hidden\" name=\"item_meta[1192]\" id=\"field_cji4v-0\" value=\"\"  data-sectionid=\"75\"     \/>\n<input type=\"hidden\" name=\"item_meta[264]\" id=\"field_csrhu\" value=\"\"     \/>\n<input type=\"hidden\" name=\"item_meta[204]\" id=\"field_u344y\" value=\"\"     \/>\n<input type=\"hidden\" name=\"item_meta[79]\" id=\"field_s9jdg\" value=\"\"     \/>\n<input type=\"hidden\" name=\"item_meta[81]\" id=\"field_pufzs-0\" value=\"\"  data-sectionid=\"79\"     \/>\n<input type=\"hidden\" name=\"item_meta[88]\" id=\"field_jljen-0\" value=\"\"  data-sectionid=\"79\"     \/>\n<input type=\"hidden\" name=\"item_meta[87]\" id=\"field_8v4n6-0\" value=\"\"  data-sectionid=\"79\"     \/>\n<input type=\"hidden\" name=\"item_meta[143]\" id=\"field_fh59j-0\" value=\"\"  data-sectionid=\"79\"     \/>\n<input type=\"hidden\" name=\"item_meta[144]\" id=\"field_r8arn-0\" value=\"\"  data-sectionid=\"79\"     \/>\n<input type=\"hidden\" name=\"item_meta[154]\" id=\"field_uv9xs-0\" value=\"\"  data-sectionid=\"79\"     \/>\n<input type=\"hidden\" name=\"item_meta[80]\" id=\"field_43968a\" value=\"\"     \/>\n<input type=\"hidden\" name=\"item_meta[205]\" id=\"field_d3bqi\" value=\"\"     \/>\n<input type=\"hidden\" name=\"item_meta[82]\" id=\"field_j01cw\" value=\"\"     \/>\n<input type=\"hidden\" name=\"item_meta[84]\" id=\"field_nyxq8-0\" value=\"\"  data-sectionid=\"82\"     \/>\n<input type=\"hidden\" name=\"item_meta[85]\" id=\"field_mmsly-0\" value=\"\"  data-sectionid=\"82\"     \/>\n<input type=\"hidden\" name=\"item_meta[86]\" id=\"field_a4pcb-0\" value=\"\"  data-sectionid=\"82\"     \/>\n<input type=\"hidden\" name=\"item_meta[111]\" id=\"field_d4xo3-0\" value=\"\"  data-sectionid=\"82\"     \/>\n<input type=\"hidden\" name=\"item_meta[112]\" id=\"field_6qxr1-0\" value=\"\"  data-sectionid=\"82\"     \/>\n<input type=\"hidden\" name=\"item_meta[135]\" id=\"field_4v4qh-0\" value=\"\"  data-sectionid=\"82\"     \/>\n<input type=\"hidden\" name=\"item_meta[136]\" id=\"field_pdzmh-0\" value=\"\"  data-sectionid=\"82\"     \/>\n<input type=\"hidden\" name=\"item_meta[157]\" id=\"field_9ox63-0\" value=\"\"  data-sectionid=\"82\"     \/>\n<input type=\"hidden\" name=\"item_meta[159]\" id=\"field_s5y4-0\" value=\"\"  data-sectionid=\"82\"     \/>\n<input type=\"hidden\" name=\"item_meta[1196]\" id=\"field_xrw4o-0\" value=\"\"  data-sectionid=\"82\"     \/>\n<input type=\"hidden\" name=\"item_meta[163]\" id=\"field_ja73c-0\" value=\"\"  data-sectionid=\"82\"     \/>\n<input type=\"hidden\" name=\"item_meta[167]\" id=\"field_8v8gv-0\" value=\"\"  data-sectionid=\"82\"     \/>\n<input type=\"hidden\" name=\"item_meta[83]\" id=\"field_rzpj1\" value=\"\"     \/>\n<input type=\"hidden\" name=\"item_meta[206]\" id=\"field_ry1gd\" value=\"\"     \/>\n<input type=\"hidden\" name=\"item_meta[104]\" id=\"field_wc315\" value=\"\"     \/>\n<input type=\"hidden\" name=\"item_meta[107]\" id=\"field_8o6p3-0\" value=\"\"  data-sectionid=\"104\"     \/>\n<input type=\"hidden\" name=\"item_meta[108]\" id=\"field_gaf4t-0\" value=\"\"  data-sectionid=\"104\"     \/>\n<input type=\"hidden\" name=\"item_meta[141]\" id=\"field_dmi13-0\" value=\"\"  data-sectionid=\"104\"     \/>\n<input type=\"hidden\" name=\"item_meta[142]\" id=\"field_zfw3t-0\" value=\"\"  data-sectionid=\"104\"     \/>\n<input type=\"hidden\" name=\"item_meta[158]\" id=\"field_861bd-0\" value=\"\"  data-sectionid=\"104\"     \/>\n<input type=\"hidden\" name=\"item_meta[187]\" id=\"field_t24p5-0\" value=\"\"  data-sectionid=\"104\"     \/>\n<input type=\"hidden\" name=\"item_meta[188]\" id=\"field_olvgv-0\" value=\"\"  data-sectionid=\"104\"     \/>\n<input type=\"hidden\" name=\"item_meta[189]\" id=\"field_ic4eo-0\" value=\"\"  data-sectionid=\"104\"     \/>\n<input type=\"hidden\" name=\"item_meta[105]\" id=\"field_pnqob\" value=\"\"     \/>\n<input type=\"hidden\" name=\"item_meta[207]\" id=\"field_pgqhd\" value=\"\"     \/>\n<input type=\"hidden\" name=\"item_meta[113]\" id=\"field_4nlme\" value=\"\"     \/>\n<input type=\"hidden\" name=\"item_meta[1162]\" id=\"field_q3juu\" value=\"\"  data-sectionid=\"113\"     \/>\n<input type=\"hidden\" name=\"item_meta[1174]\" id=\"field_iltrg\" value=\"\"  data-sectionid=\"113\"     \/>\n<input type=\"hidden\" name=\"item_meta[133]\" id=\"field_i2kbn-0\" value=\"\"  data-sectionid=\"113\"     \/>\n<input type=\"hidden\" name=\"item_meta[192]\" id=\"field_p7zyp-0\" value=\"\"  data-sectionid=\"113\"     \/>\n<input type=\"hidden\" name=\"item_meta[137]\" id=\"field_1r66t-0\" value=\"\"  data-sectionid=\"113\"     \/>\n<input type=\"hidden\" name=\"item_meta[114]\" id=\"field_wr24p\" value=\"\"     \/>\n<input type=\"hidden\" name=\"item_meta[208]\" id=\"field_uai0c\" value=\"\"     \/>\n<input type=\"hidden\" name=\"item_meta[146]\" id=\"field_dsh5i\" value=\"\"     \/>\n<input type=\"hidden\" name=\"item_meta[148]\" id=\"field_ib42n-0\" value=\"\"  data-sectionid=\"146\"     \/>\n<input type=\"hidden\" name=\"item_meta[149]\" id=\"field_tjcz0-0\" value=\"\"  data-sectionid=\"146\"     \/>\n<input type=\"hidden\" name=\"item_meta[91]\" id=\"field_e6za2-0\" value=\"\"  data-sectionid=\"146\"     \/>\n<input type=\"hidden\" name=\"item_meta[150]\" id=\"field_q4nj3-0\" value=\"\"  data-sectionid=\"146\"     \/>\n<input type=\"hidden\" name=\"item_meta[155]\" id=\"field_y8689-0\" value=\"\"  data-sectionid=\"146\"     \/>\n<input type=\"hidden\" name=\"item_meta[1191]\" id=\"field_zueh-0\" value=\"\"  data-sectionid=\"146\"     \/>\n<input type=\"hidden\" name=\"item_meta[156]\" id=\"field_xogw1-0\" value=\"\"  data-sectionid=\"146\"     \/>\n<input type=\"hidden\" name=\"item_meta[531]\" id=\"field_6i9wx-0\" value=\"\"  data-sectionid=\"146\"     \/>\n<input type=\"hidden\" name=\"item_meta[162]\" id=\"field_3bds5-0\" value=\"\"  data-sectionid=\"146\"     \/>\n<input type=\"hidden\" name=\"item_meta[164]\" id=\"field_1rlny-0\" value=\"\"  data-sectionid=\"146\"  data-frmlimit=\"3\"     \/>\n<input type=\"hidden\" name=\"item_meta[165]\" id=\"field_v98c5-0\" value=\"\"  data-sectionid=\"146\"     \/>\n<input type=\"hidden\" name=\"item_meta[166]\" id=\"field_3o8zp-0\" value=\"\"  data-sectionid=\"146\"     \/>\n<input type=\"hidden\" name=\"item_meta[147]\" id=\"field_h8jnn\" value=\"\"     \/>\n<input type=\"hidden\" name=\"item_meta[209]\" id=\"field_ef8pa\" value=\"\"     \/>\n<input type=\"hidden\" name=\"item_meta[168]\" id=\"field_ncxvx\" value=\"\"     \/>\n<input type=\"hidden\" name=\"item_meta[186]\" id=\"field_yup54-0\" value=\"\"  data-sectionid=\"168\"     \/>\n<input type=\"hidden\" name=\"item_meta[185]\" id=\"field_1j32b-0\" value=\"\"  data-sectionid=\"168\"     \/>\n<input type=\"hidden\" name=\"item_meta[190]\" id=\"field_i0mwp\" value=\"\"  data-sectionid=\"168\"     \/>\n<input type=\"hidden\" name=\"item_meta[191]\" id=\"field_xm7vn\" value=\"\"  data-sectionid=\"168\"  pattern=\"\\S*$\"   \/>\n<input type=\"hidden\" name=\"item_meta[169]\" id=\"field_5v2sh\" value=\"\"     \/>\n<input type=\"hidden\" name=\"item_meta[344]\" id=\"field_be6gt\" value=\"\"     \/>\n<input type=\"hidden\" name=\"item_meta[261]\" id=\"field_cklcl1f8731e00c\" value=\"\"  data-sectionid=\"261\"     \/>\n<input type=\"hidden\" name=\"item_meta[345]\" id=\"field_xlt4g\" value=\"\"  data-sectionid=\"261\"     \/>\n<input type=\"hidden\" name=\"item_meta[76]\" id=\"field_obpfm\" value=\"\"     \/>\n<input type=\"hidden\" name=\"item_meta[382]\" id=\"field_bfh6m\" value=\"\"     \/>\n<input type=\"hidden\" name=\"item_meta[424]\" id=\"field_1146a\" value=\"\"     \/>\n\t<input type=\"hidden\" name=\"item_key\" value=\"\" \/>\n\t\t\t<div id=\"frm_field_2207_container\">\n\t\t\t<label for=\"field_llawc\" >\n\t\t\t\tSi vous \u00eates un humain, ne remplissez pas ce champ.\t\t\t<\/label>\n\t\t\t<input  id=\"field_llawc\" type=\"text\" class=\"frm_form_field form-field frm_verify\" name=\"item_meta[2207]\" value=\"\"  \/>\n\t\t<\/div>\n\t\t<input name=\"frm_state\" type=\"hidden\" value=\"eM8wrr6VWYr5zrtxUEZs5t0qa3qdcETWu9rpWIa8my2rdPF98L6ezsznF9HWpg7T\" \/><div class=\"frm_submit\">\r\n\r\n<button class=\"frm_button_submit\" type=\"submit\"  >Premi\u00e8re section: CIRCONSTANCES<\/button>\r\n\r\n<\/div><\/div>\n<\/fieldset>\n<\/div>\n\n<p style=\"display: none !important;\" class=\"akismet-fields-container\" data-prefix=\"ak_\"><label>&#916;<textarea name=\"ak_hp_textarea\" cols=\"45\" rows=\"8\" maxlength=\"100\"><\/textarea><\/label><input type=\"hidden\" id=\"ak_js_1\" name=\"ak_js\" value=\"134\"\/><script>\ndocument.getElementById( \"ak_js_1\" ).setAttribute( \"value\", ( new Date() ).getTime() );\n<\/script>\n<\/p><\/form>\n<\/div>\n\n\t\t\t<h5>Assistant\t\t\t<\/h5>\n\t\t\t<!-- Display Switch -->\n\t\t\t<label><input type=\"checkbox\"\/><\/label>\n\t\t\t<h5>S\u00e9lectionnez pour voir : Diagramme des zones g\u00e9ographiques<\/h5>\n\t\t\t<p>Utilisez ce commutateur pour afficher le diagramme des zones g\u00e9ographiques.<\/p>\n\t\t\t<p><img loading=\"lazy\" decoding=\"async\" src=\"https:\/\/riskcensus.org\/wp-content\/uploads\/2021\/11\/Census-Visual-Aids_SPACE-CONCEPTS-EN.png\" alt=\"\" width=\"4001\" height=\"2251\" \/><\/p>\n\t\t\t<h5>Assistant\t\t\t<\/h5>\n\t\t\t<!-- Display Switch -->\n\t\t\t<label><input type=\"checkbox\"\/><\/label>\n\t\t\t<h5>S\u00e9lectionnez pour voir : Diagramme des concepts temporels<\/h5>\n\t\t\t<p>Utilisez ce commutateur pour afficher le diagramme des concepts de temps.<\/p>\n\t\t\t<p><img loading=\"lazy\" decoding=\"async\" src=\"https:\/\/riskcensus.org\/wp-content\/uploads\/2021\/11\/Census-Visual-Aids_TIME-CONCEPTS-EN.png\" alt=\"\" width=\"4001\" height=\"1274\" \/><\/p>\n\n","protected":false},"excerpt":{"rendered":"<p>Le recensement mondial des risques : Questionnaire universel Assistant S\u00e9lectionnez pour voir : Diagramme des zones g\u00e9ographiques Utilisez ce commutateur pour afficher le diagramme des zones g\u00e9ographiques. Assistant S\u00e9lectionnez pour voir : Diagramme des concepts temporels Utilisez ce commutateur pour afficher le diagramme des concepts de temps.<\/p>\n","protected":false},"author":1,"featured_media":0,"parent":0,"menu_order":0,"comment_status":"closed","ping_status":"closed","template":"","meta":{"_acf_changed":false,"loftloader_pro_show_once":"","loftloader_pro_page_shortcode":"","footnotes":""},"class_list":["post-1877","page","type-page","status-publish","hentry"],"acf":[],"_links":{"self":[{"href":"https:\/\/riskcensus.org\/fr\/wp-json\/wp\/v2\/pages\/1877","targetHints":{"allow":["GET"]}}],"collection":[{"href":"https:\/\/riskcensus.org\/fr\/wp-json\/wp\/v2\/pages"}],"about":[{"href":"https:\/\/riskcensus.org\/fr\/wp-json\/wp\/v2\/types\/page"}],"author":[{"embeddable":true,"href":"https:\/\/riskcensus.org\/fr\/wp-json\/wp\/v2\/users\/1"}],"replies":[{"embeddable":true,"href":"https:\/\/riskcensus.org\/fr\/wp-json\/wp\/v2\/comments?post=1877"}],"version-history":[{"count":0,"href":"https:\/\/riskcensus.org\/fr\/wp-json\/wp\/v2\/pages\/1877\/revisions"}],"wp:attachment":[{"href":"https:\/\/riskcensus.org\/fr\/wp-json\/wp\/v2\/media?parent=1877"}],"curies":[{"name":"wp","href":"https:\/\/api.w.org\/{rel}","templated":true}]}}