{"id":1961,"date":"2021-08-01T16:26:25","date_gmt":"2021-08-01T16:26:25","guid":{"rendered":"https:\/\/riskcensus.org\/resultats-bruts-mondiaux\/"},"modified":"2022-04-20T20:26:23","modified_gmt":"2022-04-20T20:26:23","slug":"resultats-bruts-mondiaux","status":"publish","type":"page","link":"https:\/\/riskcensus.org\/fr\/resultats-bruts-mondiaux\/","title":{"rendered":"R\u00e9sultats bruts mondiaux"},"content":{"rendered":"\n\n\t\t\t\t<img decoding=\"async\" src=\"https:\/\/riskcensus.org\/wp-content\/uploads\/2022\/02\/planet-earth_fkH5UPuO-e1644502545873.png\" alt=\"Terre\" title=\"Plan\u00e8te Terre\" itemprop=\"image\"\/>\n\t\t\t<h3>Traduction des r\u00e9sultats<\/h3>\t\t\t\n\t\t\t\t<p>Veuillez noter que les r\u00e9sultats sont actuellement disponibles que en anglais. Les r\u00e9sultats traduits seront pr\u00e9sent\u00e9s annuellement dans le rapport de fin d&rsquo;ann\u00e9e.<\/p>\n\t<h2>\n\t\t\t\tCaract\u00e9ristiques des participants\n\t\t\t<\/h2>\n\t\t\t<p>Dans cette premi\u00e8re section, vous trouverez les principales caract\u00e9ristiques de nos r\u00e9pondants.<\/p>\t\n\t<h2>\n\t\t\t\tR\u00e9sultats bruts du questionnaire mondial\n\t\t\t<\/h2>\n\t\t\t<p>Vous trouverez ci-dessous les r\u00e9ponses brutes obtenues \u00e0 partir de notre Questionnaire Mondial.Ces r\u00e9sultats ne sont pas filtr\u00e9s selon les caract\u00e9ristiques des participants. (L&rsquo;analyse de ces r\u00e9sultats est fournie chaque ann\u00e9e lors de l&rsquo;ouverture de la Global Risk Leadership Roundtable)<\/p>\t\n\t<h2>\n\t\t\t\tParoles de sagesse*\n\t\t\t<\/h2>\n\t\t\t<p>Vous trouverez ci-dessous des messages envoy\u00e9s par nos participants aux dirigeants du monde.*Les opinions exprim\u00e9es sont enti\u00e8rement celles des participants et ne refl\u00e8tent en aucun cas une position prise par The Global Risk Census ou l&rsquo;une de ses parties prenantes.<\/p>\t\n<h4>\n\t\tMon message \n\t\taux leaders mondiaux&#8230;\n\t\t\t\t<\/h4>\t\n\t<div class=\"frm_grid_container with_frm_style frm-grid-view\" style=\"--v-tl-border-style: none;--v-tl-grid-column:span 12\/span 12;grid-gap: 0px 0%;\"><div><div class=\"frm_grid_container frm_no_grid_750\"><div class=\"frm12\"> <p style=\"text-align:right;\">The current state of the planet is <strong>volatile<\/strong><\/p><hr><\/div><\/div><\/div><div><div class=\"frm_grid_container frm_no_grid_750\"><div class=\"frm12\"> <p style=\"text-align:right;\"><hr><\/div><\/div><\/div><div><div class=\"frm_grid_container frm_no_grid_750\"><div class=\"frm12\"><em><p>1:more organic food should be available in food market<br \/>\n2: reduce war and war weapons by many countries<br \/>\n3: focus and help more those who want to get educated<br \/>\n4: more equality and equity among citizens living in a country<br \/>\n5: to make sure financial &amp; health needs of everyone is met<\/p>\n<\/em> <p style=\"text-align:right;\">The current state of the planet is <strong>crisis<\/strong><\/p><hr><\/div><\/div><\/div><div><div class=\"frm_grid_container frm_no_grid_750\"><div class=\"frm12\"><em><p>Actual biodegradable options for food packaging<\/p>\n<\/em> <p style=\"text-align:right;\">The current state of the planet is <strong>consumerism<\/strong><\/p><hr><\/div><\/div><\/div><div><div class=\"frm_grid_container frm_no_grid_750\"><div class=\"frm12\"><em><p>To the leaders+other stakeholders who are greedy\/power hungry, please reconsider. Creating truly equitable access to food, water+basic housing and prioritizing sustainable consumerism+clean energy does not mean you&rsquo;ll lose \u00ab\u00a0status\u00a0\u00bb\/luxury or people will become \u00ab\u00a0lazy\u00a0\u00bb\/unmotivated.<\/p>\n<\/em> <p style=\"text-align:right;\">The current state of the planet is <strong>violent<\/strong><\/p><hr><\/div><\/div><\/div><div><div class=\"frm_grid_container frm_no_grid_750\"><div class=\"frm12\"> <p style=\"text-align:right;\">The current state of the planet is <strong>chaotic<\/strong><\/p><hr><\/div><\/div><\/div><div><div class=\"frm_grid_container frm_no_grid_750\"><div class=\"frm12\"><em><p>Stop pandering to lobbyists and corporations and shareholders serving their own short-term interests, and instead be good long-term stewards serving the broader public and future generations of people, as well as other species and the planet itself.<\/p>\n<\/em> <p style=\"text-align:right;\">The current state of the planet is <strong>precarious<\/strong><\/p><hr><\/div><\/div><\/div><div><div class=\"frm_grid_container frm_no_grid_750\"><div class=\"frm12\"><em><p>Until we understand that this is truly one world, we will accomplish nothing valuable to the biosphere and humanity.<\/p>\n<\/em> <p style=\"text-align:right;\">The current state of the planet is <strong>disarray<\/strong><\/p><hr><\/div><\/div><\/div><div><div class=\"frm_grid_container frm_no_grid_750\"><div class=\"frm12\"> <p style=\"text-align:right;\">The current state of the planet is <strong>dynamic<\/strong><\/p><hr><\/div><\/div><\/div><div><div class=\"frm_grid_container frm_no_grid_750\"><div class=\"frm12\"><em><p>Global leaders need to adopt a more proactive approach to the anticipation and prevention of future risk disasters<\/p>\n<\/em> <p style=\"text-align:right;\">The current state of the planet is <strong>fragile<\/strong><\/p><hr><\/div><\/div><\/div><div><div class=\"frm_grid_container frm_no_grid_750\"><div class=\"frm12\"><em><p>Reduce and replace plastics. Reduce carbon emissions. Etc.<\/p>\n<\/em> <p style=\"text-align:right;\">The current state of the planet is <strong>disaster<\/strong><\/p><hr><\/div><\/div><\/div><div><div class=\"frm_grid_container frm_no_grid_750\"><div class=\"frm12\"><em><p>Enough with the short-term thinking.<\/p>\n<\/em> <p style=\"text-align:right;\">The current state of the planet is <strong>terrifying<\/strong><\/p><hr><\/div><\/div><\/div><div><div class=\"frm_grid_container frm_no_grid_750\"><div class=\"frm12\"><em><p>N\/A<\/p>\n<\/em> <p style=\"text-align:right;\">The current state of the planet is <strong>uncertain<\/strong><\/p><hr><\/div><\/div><\/div><div><div class=\"frm_grid_container frm_no_grid_750\"><div class=\"frm12\"><em><p>limited resources are inherently unsustainable. Anthropogenic pollution will need to be managed on a local and global scale. Bandaids don&rsquo;t fix bullet holes and poop always rolls downhill.<\/p>\n<\/em> <p style=\"text-align:right;\">The current state of the planet is <strong>perilous<\/strong><\/p><hr><\/div><\/div><\/div><div><div class=\"frm_grid_container frm_no_grid_750\"><div class=\"frm12\"><em><p>Implement the climate accords immediately.<\/p>\n<\/em> <p style=\"text-align:right;\">The current state of the planet is <strong>tragic<\/strong><\/p><hr><\/div><\/div><\/div><div><div class=\"frm_grid_container frm_no_grid_750\"><div class=\"frm12\"><em><p>Use alternative energy sources<br \/>\nImprove working conditions<br \/>\nFair use of wealth and resources<br \/>\nImprove public health in poor countries<br \/>\nSupport education<\/p>\n<\/em> <p style=\"text-align:right;\">The current state of the planet is <strong>bad<\/strong><\/p><hr><\/div><\/div><\/div><div><div class=\"frm_grid_container frm_no_grid_750\"><div class=\"frm12\"> <p style=\"text-align:right;\">The current state of the planet is <strong>complex<\/strong><\/p><hr><\/div><\/div><\/div><div><div class=\"frm_grid_container frm_no_grid_750\"><div class=\"frm12\"> <p style=\"text-align:right;\">The current state of the planet is <strong>critical<\/strong><\/p><hr><\/div><\/div><\/div><div><div class=\"frm_grid_container frm_no_grid_750\"><div class=\"frm12\"><em><p>Do the best for humanity and this planet as a whole. If you cannot resist bribes, threats, entitlement, tradition and self interest please let someone else take your precious place.<\/p>\n<\/em> <p style=\"text-align:right;\">The current state of the planet is <strong>precarious<\/strong><\/p><hr><\/div><\/div><\/div><div><div class=\"frm_grid_container frm_no_grid_750\"><div class=\"frm12\"> <p style=\"text-align:right;\">The current state of the planet is <strong>alarming<\/strong><\/p><hr><\/div><\/div><\/div><div><div class=\"frm_grid_container frm_no_grid_750\"><div class=\"frm12\"> <p style=\"text-align:right;\">The current state of the planet is <strong>degrading<\/strong><\/p><hr><\/div><\/div><\/div><div><div class=\"frm_grid_container frm_no_grid_750\"><div class=\"frm12\"><em><p>Stop being greedy and selfish. Don&rsquo;t see the world as a platform for your re-election. No politicians should be allowed to run for a second term. Ever. And the notion of Public Service should somehow be enforced.<\/p>\n<\/em> <p style=\"text-align:right;\">The current state of the planet is <strong>scary<\/strong><\/p><hr><\/div><\/div><\/div><div><div class=\"frm_grid_container frm_no_grid_750\"><div class=\"frm12\"> <p style=\"text-align:right;\">The current state of the planet is <strong>better<\/strong><\/p><hr><\/div><\/div><\/div><div><div class=\"frm_grid_container frm_no_grid_750\"><div class=\"frm12\"> <p style=\"text-align:right;\">The current state of the planet is <strong>problematic<\/strong><\/p><hr><\/div><\/div><\/div><div><div class=\"frm_grid_container frm_no_grid_750\"><div class=\"frm12\"> <p style=\"text-align:right;\">The current state of the planet is <strong>unpredictable<\/strong><\/p><hr><\/div><\/div><\/div><div><div class=\"frm_grid_container frm_no_grid_750\"><div class=\"frm12\"><em><p>Reduce coaling, fueling, wars; Increase awareness of risks; Promote peace.<\/p>\n<\/em> <p style=\"text-align:right;\">The current state of the planet is <strong>warm<\/strong><\/p><hr><\/div><\/div><\/div><div><div class=\"frm_grid_container frm_no_grid_750\"><div class=\"frm12\"><em><p>Think collectively, respect others, respect nature, work for equity and balance, dignify and validate everyone and everything.<\/p>\n<\/em> <p style=\"text-align:right;\">The current state of the planet is <strong>evolving<\/strong><\/p><hr><\/div><\/div><\/div><div><div class=\"frm_grid_container frm_no_grid_750\"><div class=\"frm12\"><em><p>People need to learn to hold their own side accountable for the wrongs that they do. It is not worth having a conversation with someone who is not willing to admonish one of their teammates, they will never be arguing in good faith.<\/p>\n<\/em> <p style=\"text-align:right;\">The current state of the planet is <strong>derelict<\/strong><\/p><hr><\/div><\/div><\/div><div><div class=\"frm_grid_container frm_no_grid_750\"><div class=\"frm12\"> <p style=\"text-align:right;\">The current state of the planet is <strong>precarious<\/strong><\/p><hr><\/div><\/div><\/div><div><div class=\"frm_grid_container frm_no_grid_750\"><div class=\"frm12\"> <p style=\"text-align:right;\">The current state of the planet is <strong>tenuous<\/strong><\/p><hr><\/div><\/div><\/div><div><div class=\"frm_grid_container frm_no_grid_750\"><div class=\"frm12\"><em><p>For the sake of our future and future generations, focus on moving away from fossil fuels, prioritize carbon sequestration, and protect biodiversity.<\/p>\n<\/em> <p style=\"text-align:right;\">The current state of the planet is <strong>collapsing<\/strong><\/p><hr><\/div><\/div><\/div><div><div class=\"frm_grid_container frm_no_grid_750\"><div class=\"frm12\"> <p style=\"text-align:right;\">The current state of the planet is <strong>unfocused<\/strong><\/p><hr><\/div><\/div><\/div><\/div>\n\t\t\t\t<img loading=\"lazy\" decoding=\"async\" src=\"https:\/\/riskcensus.org\/wp-content\/uploads\/2021\/09\/Inv7-Color-tight-crop-1920px-wide.png\" alt=\"Utilisateurs typiques du Recensement mondial des risques\" itemprop=\"image\" height=\"240\" width=\"1920\" title=\"Utilisateurs typiques du Recensement mondial des risques\" onerror=\"this.style.display='none'\"  \/>\n\n","protected":false},"excerpt":{"rendered":"<p>Traduction des r\u00e9sultats Veuillez noter que les r\u00e9sultats sont actuellement disponibles que en anglais. Les r\u00e9sultats traduits seront pr\u00e9sent\u00e9s annuellement dans le rapport de fin d&rsquo;ann\u00e9e. Caract\u00e9ristiques des participants Dans cette premi\u00e8re section, vous trouverez les principales caract\u00e9ristiques de nos r\u00e9pondants. R\u00e9sultats bruts du questionnaire mondial Vous trouverez ci-dessous les r\u00e9ponses brutes obtenues \u00e0 partir&hellip;<\/p>\n","protected":false},"author":1,"featured_media":0,"parent":0,"menu_order":0,"comment_status":"closed","ping_status":"closed","template":"","meta":{"_acf_changed":false,"loftloader_pro_show_once":"","loftloader_pro_page_shortcode":"[loftloader loftloader_pro_main_switch=on loftloader_pro_show_range=sitewide loftloader_pro_enable_random_message_text=\"\" loftloader_bgfilltype=solid loftloader_pro_bg_color=#651d8e loftloader_bgopacity=80 loftloader_pro_bg_animation=up loftloader_pro_bg_gradient=off loftloader_animation=imgrotating loftloader_customimg=\"https:\/\/riskcensus.org\/wp-content\/uploads\/2021\/07\/Census-icon-black-back-512px-wide.png\" loftloader_imgwidth=120 loftloader_responsive_design_max_width=50 loftloader_rotatedirection=2d loftloader_rotate_curve=\"\" loftloader_rotation_2d=\"\" loftloader_progress=bar-number loftloader_barposition=middle loftloader_barwidth=30 loftloader_pro_progress_width_unit=\"\" loftloader_barheight=10 loftloader_pro_progress_color=#fcc04e loftloader_pro_progress_bar_enable_gradient_color=on loftloader_pro_progress_bar_gradient_start_color=#fcc04e loftloader_pro_progress_bar_gradient_end_color=#008900 loftloader_percentagesize=16 loftloader_pro_progress_number_enable_google_font=off loftloader_pro_progress_number_font_family=\"Lato\" loftloader_pro_progress_number_font_weight=100 loftloader_pro_progress_number_letter_spacing=0 loftloader_pro_message_text=\"Q2hhcmdlbWVudCBkZXMgcsOpc3VsdGF0cyBlbiB0ZW1wcyByw6llbCwgdmV1aWxsZXogcGF0aWVudGVyLg==\" loftloader_pro_message_position=bottom loftloader_pro_message_size=23 loftloader_pro_message_color=#eeee22 loftloader_pro_message_enable_google_font=off loftloader_pro_message_font_family=\"Lato\" loftloader_pro_message_font_weight=800 loftloader_pro_message_letter_spacing=0 loftloader_pro_message_line_height=2.0 loftloader_pro_load_time=5.0 loftloader_pro_max_load_time=15.0 loftloader_pro_device=all loftloader_pro_disable_page_scrolling=off loftloader_pro_enable_close_button=on loftloader_pro_show_close_timer=10 loftloader_pro_show_close_tip=\"Rm9yY2VkIGVudHJ5\" loftloader_pro_inner_elements_entrance_animation=\"\" loftloader_pro_inner_elements_exit_animation=inner-end-up loftloader_pro_adaptive_loading_screen_height_on_mobile=off loftloader_pro_custom_css=\"IiI=\" loftloader_pro_detect_elements=media loftloader_pro_detect_autoplay_video=\"\"]","footnotes":""},"class_list":["post-1961","page","type-page","status-publish","hentry"],"acf":[],"_links":{"self":[{"href":"https:\/\/riskcensus.org\/fr\/wp-json\/wp\/v2\/pages\/1961","targetHints":{"allow":["GET"]}}],"collection":[{"href":"https:\/\/riskcensus.org\/fr\/wp-json\/wp\/v2\/pages"}],"about":[{"href":"https:\/\/riskcensus.org\/fr\/wp-json\/wp\/v2\/types\/page"}],"author":[{"embeddable":true,"href":"https:\/\/riskcensus.org\/fr\/wp-json\/wp\/v2\/users\/1"}],"replies":[{"embeddable":true,"href":"https:\/\/riskcensus.org\/fr\/wp-json\/wp\/v2\/comments?post=1961"}],"version-history":[{"count":0,"href":"https:\/\/riskcensus.org\/fr\/wp-json\/wp\/v2\/pages\/1961\/revisions"}],"wp:attachment":[{"href":"https:\/\/riskcensus.org\/fr\/wp-json\/wp\/v2\/media?parent=1961"}],"curies":[{"name":"wp","href":"https:\/\/api.w.org\/{rel}","templated":true}]}}