{"id":1986,"date":"2021-08-06T12:42:06","date_gmt":"2021-08-06T12:42:06","guid":{"rendered":"https:\/\/riskcensus.org\/connexion-deconnexion\/"},"modified":"2022-03-04T19:44:54","modified_gmt":"2022-03-04T19:44:54","slug":"connexion-deconnexion","status":"publish","type":"page","link":"https:\/\/riskcensus.org\/fr\/connexion-deconnexion\/","title":{"rendered":"Connexion &#8211; D\u00e9connexion"},"content":{"rendered":"\n\n<h1>\n\t\tRecensement mondial des risques :\n\t\tSe connecter\n\t\t\t\t<\/h1>\t\n<h1>\n\t\tRecensement mondial des risques :\n\t\tD\u00e9connexion\n\t\t\t\t<\/h1>\t\n<h5>\n\t\tVous \u00eates actuellement connect\u00e9(e).\n\t<\/h5>\n\t\t\t<a href=\"https:\/\/riskcensus.org\/fr\/page-de-demarrage-du-recensement\/\" target=\"_self\" role=\"button\" aria-label=\"Cliquez ici pour s\u00e9lectionner un recensement\" rel=\"noopener\">\n\t\t\t\t\t\t\tCliquez ici pour s\u00e9lectionner un recensement\n\t\t<\/a>\n\t\t\t<a href=\"https:\/\/riskcensus.org\/fr\/page-de-demarrage-du-recensement\/\" target=\"_self\" role=\"button\" aria-label=\"Cliquez ici pour s\u00e9lectionner un recensement\" rel=\"noopener\">\n\t\t\t\t\t\t\tCliquez ici pour s\u00e9lectionner un recensement\n\t\t<\/a>\n<h5>\n\t\tVous \u00eates actuellement d\u00e9connect\u00e9, connectez-vous ci-dessous.\n\t<\/h5>\n\t\n<div id=\"loginform-0\" class=\"frm_forms with_frm_style  frm_style_formidable-style frm_login_form\">\n\n\t\t<form method=\"post\" action=\"https:\/\/riskcensus.org\/fr\/wp-login.php\" >\n\n\t\t\n\t\t\t\t<div class=\"frm_form_fields\">\n\t\t\t<fieldset>\n\t\t\t\t<div class=\"frm_fields_container\">\n\n\t\t\t\t<div class=\"frm_form_field form-field login-username frm_top_container\">\n\t\t\t\t\t<label for=\"user_login0\" class=\"frm_primary_label\">Nom d&#039;utilisateur\t\t\t\t\t<\/label>\n\t\t\t\t\t<input id=\"user_login0\" name=\"log\" value=\"\" placeholder=\"\" type=\"text\">\n\t\t\t\t<\/div>\n\n\t\t\t\t<div class=\"frm_form_field form-field login-password frm_top_container\">\n\t\t\t\t\t<label for=\"user_pass0\" class=\"frm_primary_label\">Mot de passe\t\t\t\t\t<\/label>\n\t\t\t\t\t<input id=\"user_pass0\" name=\"pwd\" value=\"\" type=\"password\" placeholder=\"\" >\n\t\t\t\t<\/div>\n\n\t\t\t\t<input type=\"hidden\" name=\"redirect_to\" value=\"\/fr\/wp-json\/wp\/v2\/pages\/1986\" \/>\n\n\t\t\t\t\n\t\t\t\t\t\t\t\t<div class=\"frm_form_field form-field frm_none_container login-remember frm_first frm_half\">\n\t\t\t\t\t<div class=\"frm_opt_container\">\n\t\t\t\t\t\t<div class=\"frm_checkbox\">\n\t\t\t\t\t\t\t<label for=\"rememberme0\">\n\t\t\t\t\t\t\t\t<input name=\"rememberme\" id=\"rememberme0\" value=\"forever\" type=\"checkbox\" \/>Se souvenir de moi\t\t\t\t\t\t\t<\/label>\n\t\t\t\t\t\t<\/div>\n\t\t\t\t\t<\/div>\n\t\t\t\t<\/div>\n\t\t\t\t\n\t\t\t\t\t\t\t\t<div class=\"frm_form_field frm_html_container form-field login_lost_pw frm_half\">\n\t\t\t\t\t<a class=\"forgot-password\" href=\"https:\/\/riskcensus.org\/password-reset\/\">\n\t\t\t\t\t\tMot de passe oubli\u00e9\t\t\t\t\t<\/a>\n\t\t\t\t<\/div>\n\t\t\t\t\n\t\t\t\t\t\t<div class=\"frm_submit\">\n\t\t\t<input type=\"submit\" name=\"wp-submit\" id=\"wp-submit0\" value=\"Connexion\" \/>\n\t\t<\/div>\n\t\t<div style=\"clear:both;\"><\/div>\n\n\t\t\n\t\t\t\t\n\t\t\t\t<div style=\"clear:both;\"><\/div>\n\n\t\t\t\t<\/div><!-- End .frm_fields_container -->\n\t\t\t<\/fieldset>\n\t\t<\/div>\n\t<\/form>\n<\/div>\n\n\t\t\t<a href=\"https:\/\/riskcensus.org\/registration\/\" target=\"_self\" role=\"button\" aria-label=\"Si vous n&#039;\u00eates pas inscrit, cliquez ici pour visiter notre page d&#039;inscription\" rel=\"noopener\">\n\t\t\t\t\t\t\tSi vous n&rsquo;\u00eates pas inscrit, cliquez ici pour visiter notre page d&rsquo;inscription\n\t\t<\/a>\n\t\t\t<a href=\"https:\/\/riskcensus.org\/registration\/\" target=\"_self\" role=\"button\" aria-label=\"Si vous n&#039;\u00eates pas inscrit, cliquez ici pour visiter notre page d&#039;inscription\" rel=\"noopener\">\n\t\t\t\t\t\t\tSi vous n&rsquo;\u00eates pas inscrit, cliquez ici pour visiter notre page d&rsquo;inscription\n\t\t<\/a>\n\n","protected":false},"excerpt":{"rendered":"<p>Recensement mondial des risques : Se connecter Recensement mondial des risques : D\u00e9connexion Vous \u00eates actuellement connect\u00e9(e). Cliquez ici pour s\u00e9lectionner un recensement Cliquez ici pour s\u00e9lectionner un recensement Vous \u00eates actuellement d\u00e9connect\u00e9, connectez-vous ci-dessous. Si vous n&rsquo;\u00eates pas inscrit, cliquez ici pour visiter notre page d&rsquo;inscription Si vous n&rsquo;\u00eates pas inscrit, cliquez ici pour&hellip;<\/p>\n","protected":false},"author":1,"featured_media":0,"parent":0,"menu_order":0,"comment_status":"closed","ping_status":"closed","template":"","meta":{"_acf_changed":false,"loftloader_pro_show_once":"","loftloader_pro_page_shortcode":"","footnotes":""},"class_list":["post-1986","page","type-page","status-publish","hentry"],"acf":[],"_links":{"self":[{"href":"https:\/\/riskcensus.org\/fr\/wp-json\/wp\/v2\/pages\/1986","targetHints":{"allow":["GET"]}}],"collection":[{"href":"https:\/\/riskcensus.org\/fr\/wp-json\/wp\/v2\/pages"}],"about":[{"href":"https:\/\/riskcensus.org\/fr\/wp-json\/wp\/v2\/types\/page"}],"author":[{"embeddable":true,"href":"https:\/\/riskcensus.org\/fr\/wp-json\/wp\/v2\/users\/1"}],"replies":[{"embeddable":true,"href":"https:\/\/riskcensus.org\/fr\/wp-json\/wp\/v2\/comments?post=1986"}],"version-history":[{"count":0,"href":"https:\/\/riskcensus.org\/fr\/wp-json\/wp\/v2\/pages\/1986\/revisions"}],"wp:attachment":[{"href":"https:\/\/riskcensus.org\/fr\/wp-json\/wp\/v2\/media?parent=1986"}],"curies":[{"name":"wp","href":"https:\/\/api.w.org\/{rel}","templated":true}]}}