{"id":1988,"date":"2021-07-27T15:22:09","date_gmt":"2021-07-27T15:22:09","guid":{"rendered":"https:\/\/riskcensus.org\/apercu-des-resultats\/"},"modified":"2022-04-20T20:30:46","modified_gmt":"2022-04-20T20:30:46","slug":"apercu-des-resultats","status":"publish","type":"page","link":"https:\/\/riskcensus.org\/fr\/apercu-des-resultats\/","title":{"rendered":"Aper\u00e7u des r\u00e9sultats"},"content":{"rendered":"\n\n<h1>\n\t\tRecensement mondial des risques\n\t\tAper\u00e7u des r\u00e9sultats\n\t\t\t\t<\/h1>\t\n\t\t\t\t<img decoding=\"async\" src=\"https:\/\/riskcensus.org\/wp-content\/uploads\/2022\/02\/planet-earth_fkH5UPuO-e1644502545873.png\" alt=\"Terre\" title=\"Plan\u00e8te Terre\" itemprop=\"image\"\/>\n\t\t\t<h3>Traduction des r\u00e9sultats<\/h3>\t\t\t\n\t\t\t\t<p>Veuillez noter que les r\u00e9sultats sont actuellement disponibles que en anglais. Les r\u00e9sultats traduits seront pr\u00e9sent\u00e9s annuellement dans le rapport de fin d&rsquo;ann\u00e9e.<\/p>\n\t<p>Les nombreux questionnaires du Recensement mondial des risques contiennent des centaines de questions, de r\u00e9ponses et de r\u00e9sultats. Afin de fournir \u00e0 nos futurs participants un aper\u00e7u des types de questions pos\u00e9es et des r\u00e9ponses donn\u00e9es, nous incluons ci-dessous un tr\u00e8s petit \u00e9chantillon de r\u00e9sultats du Questionnaire principal divis\u00e9 en deux colonnes: la premi\u00e8re colonne contient les r\u00e9sultats mondiaux tandis que la deuxi\u00e8me colonne affiche un focus par pays s\u00e9lectionn\u00e9.<\/p>\n<p>Notez que ces graphiques manquent de d\u00e9tail ou d&rsquo;analyse, ils ne sont qu&rsquo;un aper\u00e7u des r\u00e9sultats bruts. Notez \u00e9galement que ces r\u00e9sultats sont en temps r\u00e9el, ils refl\u00e8tent les r\u00e9ponses donn\u00e9es par les participants qui r\u00e9pondent actuellement au Questionnaire.<\/p>\n\t<div class=\"frm_forms  with_frm_style frm_style_results-search-form-style\" id=\"frm_form_28_container\" >\n<form enctype=\"multipart\/form-data\" method=\"post\" class=\"frm-show-form  frm_pro_form \" id=\"form_resultssearchform_forpreview\" >\n<div class=\"frm_form_fields \">\n<fieldset>\n<legend class=\"frm_screen_reader\">Results Search Form for Results Preview<\/legend>\r\n\r\n<div class=\"frm_fields_container\">\n<input type=\"hidden\" name=\"frm_action\" value=\"create\" \/>\n<input type=\"hidden\" name=\"form_id\" value=\"28\" \/>\n<input type=\"hidden\" name=\"frm_hide_fields_28\" id=\"frm_hide_fields_28\" value=\"\" \/>\n<input type=\"hidden\" name=\"form_key\" value=\"resultssearchform_forpreview\" \/>\n<input type=\"hidden\" name=\"item_meta[0]\" value=\"\" \/>\n<input type=\"hidden\" id=\"frm_submit_entry_28\" name=\"frm_submit_entry_28\" value=\"c806cd346d\" \/><input type=\"hidden\" name=\"_wp_http_referer\" value=\"\/fr\/wp-json\/wp\/v2\/pages\/1988\" \/><div id=\"frm_field_1918_container\" class=\"frm_form_field form-field  frm_top_container\">\r\n    <label for=\"field_eapnt\" id=\"field_eapnt_label\" class=\"frm_primary_label\">Filter by country\r\n        <span class=\"frm_required\" aria-hidden=\"true\"><\/span>\r\n    <\/label>\r\n    \t\t<select  name=\"item_meta[1918]\" id=\"field_eapnt\"  data-placeholder=\"Pays de r\u00e9sidence\"  placeholder=\"Pays de r\u00e9sidence\" data-invmsg=\"Filter by country est non valide\" aria-invalid=\"false\"  >\n\t\t\t\t\t\t\t<option  value=\"\" class=\"frm-select-placeholder\">\n\t\t\t\t\tPays de r\u00e9sidence\t\t\t\t<\/option>\n\t\t\t\t\t\t\t\t<option  value=\"Aland Islands\">\n\t\t\t\t\tAland Islands\t\t\t\t<\/option>\n\t\t\t\t\t\t\t\t<option  value=\"Argentina\">\n\t\t\t\t\tArgentina\t\t\t\t<\/option>\n\t\t\t\t\t\t\t\t<option  value=\"Australia\">\n\t\t\t\t\tAustralia\t\t\t\t<\/option>\n\t\t\t\t\t\t\t\t<option  value=\"Canada\">\n\t\t\t\t\tCanada\t\t\t\t<\/option>\n\t\t\t\t\t\t\t\t<option  value=\"China\">\n\t\t\t\t\tChina\t\t\t\t<\/option>\n\t\t\t\t\t\t\t\t<option  value=\"France\">\n\t\t\t\t\tFrance\t\t\t\t<\/option>\n\t\t\t\t\t\t\t\t<option  value=\"Ghana\">\n\t\t\t\t\tGhana\t\t\t\t<\/option>\n\t\t\t\t\t\t\t\t<option  value=\"Kuwait\">\n\t\t\t\t\tKuwait\t\t\t\t<\/option>\n\t\t\t\t\t\t\t\t<option  value=\"United Kingdom\">\n\t\t\t\t\tUnited Kingdom\t\t\t\t<\/option>\n\t\t\t\t\t\t\t\t<option  value=\"United States\">\n\t\t\t\t\tUnited States\t\t\t\t<\/option>\n\t\t\t\t\t\t<\/select>\n\t\t\r\n    <div class=\"frm_description\" id=\"frm_desc_field_eapnt\">To narrow the results by country, please select one above.<\/div>\r\n    \r\n<\/div>\n\t<input type=\"hidden\" name=\"item_key\" value=\"\" \/>\n\t\t\t<div id=\"frm_field_2207_container\">\n\t\t\t<label for=\"field_hteka\" >\n\t\t\t\tSi vous \u00eates un humain, ne remplissez pas ce champ.\t\t\t<\/label>\n\t\t\t<input  id=\"field_hteka\" type=\"text\" class=\"frm_form_field form-field frm_verify\" name=\"item_meta[2207]\" value=\"\"  \/>\n\t\t<\/div>\n\t\t<input name=\"frm_state\" type=\"hidden\" value=\"eM8wrr6VWYr5zrtxUEZs5jk7HiDlriMVAJvoLZc1Kr2rdPF98L6ezsznF9HWpg7T\" \/><div class=\"frm_submit\">\r\n\r\n<button class=\"frm_button_submit frm_final_submit\" type=\"submit\"  >SOUMETTEZ VOTRE CHOIX<\/button>\r\n\r\n<\/div><\/div>\n<\/fieldset>\n<\/div>\n\n<p style=\"display: none !important;\" class=\"akismet-fields-container\" data-prefix=\"ak_\"><label>&#916;<textarea name=\"ak_hp_textarea\" cols=\"45\" rows=\"8\" maxlength=\"100\"><\/textarea><\/label><input type=\"hidden\" id=\"ak_js_1\" name=\"ak_js\" value=\"130\"\/><script>document.getElementById( \"ak_js_1\" ).setAttribute( \"value\", ( new Date() ).getTime() );<\/script><\/p><\/form>\n<\/div>\n<div class=\"frm_grid_container with_frm_style frm-grid-view\" style=\"--v-tl-background-color: #ffffff;--v-tl-border-style: none;--v-tl-grid-column:span 12\/span 12;grid-gap: 20px 3%;\"><div><div class=\"frm_grid_container frm_no_grid_750\"><div class=\"frm6\"><H3>Worldwide<\/H3>\n&nbsp;\n<div id=\"chart__frm_geo1\" style=\"height:800;width:100%\"><\/div> <div id=\"chart__frm_pie2\" style=\"height:500;width:100%\"><\/div>\n&nbsp;\n<div id=\"chart__frm_pie3\" style=\"height:500;width:100%\"><\/div>\n&nbsp;\n<div id=\"chart__frm_pie4\" style=\"height:500;width:100%\"><\/div>\n&nbsp;\n<div id=\"chart__frm_pie5\" style=\"height:500;width:100%\"><\/div>\n&nbsp;\n<div id=\"chart__frm_pie6\" style=\"height:500;width:100%\"><\/div>\n&nbsp;\n<div id=\"chart__frm_pie7\" style=\"height:500;width:100%\"><\/div>\n&nbsp;\n<div id=\"chart__frm_column8\" style=\"height:600;width:100%\"><\/div>\n&nbsp;\n<div id=\"chart__frm_pie9\" style=\"height:500;width:100%\"><\/div>\n&nbsp;\n<div id=\"chart__frm_pie10\" style=\"height:500;width:100%\"><\/div>\n&nbsp;\n<div id=\"chart__frm_pie11\" style=\"height:500;width:100%\"><\/div>\n&nbsp;\n<div id=\"chart__frm_pie12\" style=\"height:500;width:100%\"><\/div>\n&nbsp;\n<div id=\"chart__frm_pie13\" style=\"height:500;width:100%\"><\/div>\n&nbsp;\n<div id=\"chart__frm_pie14\" style=\"height:500;width:100%\"><\/div>\n&nbsp;\n<div id=\"chart__frm_pie15\" style=\"height:500;width:100%\"><\/div>\n&nbsp;\n<div id=\"chart__frm_pie16\" style=\"height:500;width:100%\"><\/div>\n&nbsp;\n<div id=\"chart__frm_pie17\" style=\"height:500;width:100%\"><\/div>\n&nbsp;\n<div id=\"chart__frm_pie18\" style=\"height:500;width:100%\"><\/div><\/div><div class=\"frm6\"><H3>Focus on: PICK A COUNTRY ABOVE<\/H3>\n&nbsp;\n<div id=\"chart__frm_geo19\" style=\"height:800;width:100%\"><\/div>\n&nbsp;\n<div id=\"chart__frm_pie20\" style=\"height:500;width:100%\"><\/div>\n&nbsp;\n<div id=\"chart__frm_pie21\" style=\"height:500;width:100%\"><\/div>\n&nbsp;\n<div id=\"chart__frm_pie22\" style=\"height:500;width:100%\"><\/div>\n&nbsp;\n<div id=\"chart__frm_pie23\" style=\"height:500;width:100%\"><\/div>\n&nbsp;\n<div id=\"chart__frm_pie24\" style=\"height:500;width:100%\"><\/div>\n&nbsp;\n<div id=\"chart__frm_pie25\" style=\"height:500;width:100%\"><\/div>\n&nbsp;\n<div id=\"chart__frm_column26\" style=\"height:600;width:100%\"><\/div>\n&nbsp;\n<div id=\"chart__frm_pie27\" style=\"height:500;width:100%\"><\/div>\n&nbsp;\n<div id=\"chart__frm_pie28\" style=\"height:500;width:100%\"><\/div>\n&nbsp;\n<div id=\"chart__frm_pie29\" style=\"height:500;width:100%\"><\/div>\n&nbsp;\n<div id=\"chart__frm_pie30\" style=\"height:500;width:100%\"><\/div>\n&nbsp;\n<div id=\"chart__frm_pie31\" style=\"height:500;width:100%\"><\/div>\n&nbsp;\n<div id=\"chart__frm_pie32\" style=\"height:500;width:100%\"><\/div>\n&nbsp;\n<div id=\"chart__frm_pie33\" style=\"height:500;width:100%\"><\/div>\n&nbsp;\n<div id=\"chart__frm_pie34\" style=\"height:500;width:100%\"><\/div>\n&nbsp;\n<div id=\"chart__frm_pie35\" style=\"height:500;width:100%\"><\/div>\n&nbsp;\n<div id=\"chart__frm_pie36\" style=\"height:500;width:100%\"><\/div><\/div><\/div><\/div><\/div>\n\t\t\t\t<img loading=\"lazy\" decoding=\"async\" src=\"https:\/\/riskcensus.org\/wp-content\/uploads\/2021\/09\/Inv7-Color-tight-crop-1920px-wide.png\" alt=\"Utilisateurs typiques du Recensement mondial des risques\" itemprop=\"image\" height=\"240\" width=\"1920\" title=\"Utilisateurs typiques du Recensement mondial des risques\" onerror=\"this.style.display='none'\"  \/>\n\n","protected":false},"excerpt":{"rendered":"<p>Recensement mondial des risques Aper\u00e7u des r\u00e9sultats Traduction des r\u00e9sultats Veuillez noter que les r\u00e9sultats sont actuellement disponibles que en anglais. Les r\u00e9sultats traduits seront pr\u00e9sent\u00e9s annuellement dans le rapport de fin d&rsquo;ann\u00e9e. Les nombreux questionnaires du Recensement mondial des risques contiennent des centaines de questions, de r\u00e9ponses et de r\u00e9sultats. Afin de fournir \u00e0&hellip;<\/p>\n","protected":false},"author":1,"featured_media":1757,"parent":0,"menu_order":0,"comment_status":"closed","ping_status":"closed","template":"","meta":{"_acf_changed":false,"loftloader_pro_show_once":"","loftloader_pro_page_shortcode":"[loftloader loftloader_pro_main_switch=on loftloader_pro_show_range=sitewide loftloader_pro_enable_random_message_text=\"\" loftloader_bgfilltype=solid loftloader_pro_bg_color=#651d8e loftloader_bgopacity=80 loftloader_pro_bg_animation=up loftloader_pro_bg_gradient=off loftloader_animation=imgrotating loftloader_customimg=\"https:\/\/riskcensus.org\/wp-content\/uploads\/2021\/07\/Census-icon-black-back-512px-wide.png\" loftloader_imgwidth=120 loftloader_responsive_design_max_width=50 loftloader_rotatedirection=2d loftloader_rotate_curve=\"\" loftloader_rotation_2d=\"\" loftloader_progress=bar-number loftloader_barposition=middle loftloader_barwidth=30 loftloader_pro_progress_width_unit=\"\" loftloader_barheight=10 loftloader_pro_progress_color=#fcc04e loftloader_pro_progress_bar_enable_gradient_color=on loftloader_pro_progress_bar_gradient_start_color=#fcc04e loftloader_pro_progress_bar_gradient_end_color=#008900 loftloader_percentagesize=16 loftloader_pro_progress_number_enable_google_font=off loftloader_pro_progress_number_font_family=\"Lato\" loftloader_pro_progress_number_font_weight=100 loftloader_pro_progress_number_letter_spacing=0 loftloader_pro_message_text=\"Q2hhcmdlbWVudCBkZXMgcsOpc3VsdGF0cyBlbiB0ZW1wcyByw6llbCwgdmV1aWxsZXogcGF0aWVudGVyLg==\" loftloader_pro_message_position=bottom loftloader_pro_message_size=23 loftloader_pro_message_color=#eeee22 loftloader_pro_message_enable_google_font=off loftloader_pro_message_font_family=\"Lato\" loftloader_pro_message_font_weight=800 loftloader_pro_message_letter_spacing=0 loftloader_pro_message_line_height=2.0 loftloader_pro_load_time=5.0 loftloader_pro_max_load_time=15.0 loftloader_pro_device=all loftloader_pro_disable_page_scrolling=off loftloader_pro_enable_close_button=on loftloader_pro_show_close_timer=10 loftloader_pro_show_close_tip=\"Rm9yY2VkIGVudHJ5\" loftloader_pro_inner_elements_entrance_animation=\"\" loftloader_pro_inner_elements_exit_animation=inner-end-up loftloader_pro_adaptive_loading_screen_height_on_mobile=off loftloader_pro_custom_css=\"IiI=\" loftloader_pro_detect_elements=media loftloader_pro_detect_autoplay_video=\"\"]","footnotes":""},"class_list":["post-1988","page","type-page","status-publish","has-post-thumbnail","hentry"],"acf":[],"_links":{"self":[{"href":"https:\/\/riskcensus.org\/fr\/wp-json\/wp\/v2\/pages\/1988","targetHints":{"allow":["GET"]}}],"collection":[{"href":"https:\/\/riskcensus.org\/fr\/wp-json\/wp\/v2\/pages"}],"about":[{"href":"https:\/\/riskcensus.org\/fr\/wp-json\/wp\/v2\/types\/page"}],"author":[{"embeddable":true,"href":"https:\/\/riskcensus.org\/fr\/wp-json\/wp\/v2\/users\/1"}],"replies":[{"embeddable":true,"href":"https:\/\/riskcensus.org\/fr\/wp-json\/wp\/v2\/comments?post=1988"}],"version-history":[{"count":0,"href":"https:\/\/riskcensus.org\/fr\/wp-json\/wp\/v2\/pages\/1988\/revisions"}],"wp:featuredmedia":[{"embeddable":true,"href":"https:\/\/riskcensus.org\/fr\/wp-json\/wp\/v2\/media\/1757"}],"wp:attachment":[{"href":"https:\/\/riskcensus.org\/fr\/wp-json\/wp\/v2\/media?parent=1988"}],"curies":[{"name":"wp","href":"https:\/\/api.w.org\/{rel}","templated":true}]}}