{"id":4026,"date":"2022-01-06T11:52:25","date_gmt":"2022-01-06T11:52:25","guid":{"rendered":"https:\/\/riskcensus.org\/questionnaires-thematiques\/"},"modified":"2022-03-24T13:01:01","modified_gmt":"2022-03-24T13:01:01","slug":"questionnaires-thematiques","status":"publish","type":"page","link":"https:\/\/riskcensus.org\/fr\/questionnaires-thematiques\/","title":{"rendered":"Questionnaires th\u00e9matiques"},"content":{"rendered":"\n<h1>\n\t\tThe Global Risk Census\n\t\tThematic Questionnaires\n\t\t\t\t<\/h1>\t\n<h3>\n\t\tChallenges facing us at home and worldwide\n\t<\/h3>\n\t\t\t<a href=\"#\" id=\"fl-accordion--label-0\" tabindex=\"0\" aria-controls=\"fl-accordion--panel-0\"><h2 anchor\"=\"\" id=\"pandemics\">Pandemics<\/h2><\/a>\n\t\t\t\t\t\t\t<a href=\"#\" id=\"fl-accordion--icon-0\" tabindex=\"0\" aria-controls=\"fl-accordion--panel-0\"><i>Expand<\/i><\/a>\n\t\tVous n'\u00eates pas encore autoris\u00e9 \u00e0 consulter ce formulaire. Des \u00e9tapes suppl\u00e9mentaires peuvent \u00eatre n\u00e9cessaires.\n\t\t\t<a href=\"#\" id=\"fl-accordion--label-1\" tabindex=\"0\" aria-controls=\"fl-accordion--panel-1\"><h2 anchor\"=\"\" id=\"technology\">Technology<\/h2><\/a>\n\t\t\t\t\t\t\t<a href=\"#\" id=\"fl-accordion--icon-1\" tabindex=\"0\" aria-controls=\"fl-accordion--panel-1\"><i>Expand<\/i><\/a>\n\t\tVous n'avez pas encore la permission de visualiser ce formulaire. Des \u00e9tapes suppl\u00e9mentaires peuvent \u00eatre n\u00e9cessaires.\n\t\t\t<a href=\"#\" id=\"fl-accordion--label-2\" tabindex=\"0\" aria-controls=\"fl-accordion--panel-2\"><h2 anchor\"=\"\" id=\"stress\">Stress<\/h2><\/a>\n\t\t\t\t\t\t\t<a href=\"#\" id=\"fl-accordion--icon-2\" tabindex=\"0\" aria-controls=\"fl-accordion--panel-2\"><i>Expand<\/i><\/a>\n\t\tVous n'avez pas encore la permission de visualiser ce formulaire. Des \u00e9tapes suppl\u00e9mentaires peuvent \u00eatre n\u00e9cessaires.\n\t\t\t<a href=\"#\" id=\"fl-accordion--label-3\" tabindex=\"0\" aria-controls=\"fl-accordion--panel-3\"><h2 anchor\"=\"\" id=\"environment\">Environment<\/h2><\/a>\n\t\t\t\t\t\t\t<a href=\"#\" id=\"fl-accordion--icon-3\" tabindex=\"0\" aria-controls=\"fl-accordion--panel-3\"><i>Expand<\/i><\/a>\n\t\tVous n'avez pas encore la permission de visualiser ce formulaire. Des \u00e9tapes suppl\u00e9mentaires peuvent \u00eatre n\u00e9cessaires.\n","protected":false},"excerpt":{"rendered":"<p>The Global Risk Census Thematic Questionnaires Challenges facing us at home and worldwide Technology Expand Environment Expand<\/p>\n","protected":false},"author":1,"featured_media":0,"parent":0,"menu_order":0,"comment_status":"closed","ping_status":"closed","template":"","meta":{"_acf_changed":false,"loftloader_pro_show_once":"","loftloader_pro_page_shortcode":"","footnotes":""},"class_list":["post-4026","page","type-page","status-publish","hentry"],"acf":[],"_links":{"self":[{"href":"https:\/\/riskcensus.org\/fr\/wp-json\/wp\/v2\/pages\/4026","targetHints":{"allow":["GET"]}}],"collection":[{"href":"https:\/\/riskcensus.org\/fr\/wp-json\/wp\/v2\/pages"}],"about":[{"href":"https:\/\/riskcensus.org\/fr\/wp-json\/wp\/v2\/types\/page"}],"author":[{"embeddable":true,"href":"https:\/\/riskcensus.org\/fr\/wp-json\/wp\/v2\/users\/1"}],"replies":[{"embeddable":true,"href":"https:\/\/riskcensus.org\/fr\/wp-json\/wp\/v2\/comments?post=4026"}],"version-history":[{"count":0,"href":"https:\/\/riskcensus.org\/fr\/wp-json\/wp\/v2\/pages\/4026\/revisions"}],"wp:attachment":[{"href":"https:\/\/riskcensus.org\/fr\/wp-json\/wp\/v2\/media?parent=4026"}],"curies":[{"name":"wp","href":"https:\/\/api.w.org\/{rel}","templated":true}]}}