{"id":5434,"date":"2022-01-30T21:48:10","date_gmt":"2022-01-30T21:48:10","guid":{"rendered":"https:\/\/riskcensus.org\/resultats-du-questionnaire-rapide\/"},"modified":"2022-04-20T20:25:16","modified_gmt":"2022-04-20T20:25:16","slug":"resultats-du-questionnaire-rapide","status":"publish","type":"page","link":"https:\/\/riskcensus.org\/fr\/resultats-du-questionnaire-rapide\/","title":{"rendered":"R\u00e9sultats du questionnaire rapide"},"content":{"rendered":"\n\n<h1>\n\t\tLe Recensement mondial des risques\n\t\tR\u00e9sultats du questionnaire rapide\n\t\t\t\t<\/h1>\t\n\t<h4>Il s&rsquo;agit des r\u00e9sultats mondiaux cumul\u00e9s en temps r\u00e9el du questionnaire rapide auquel vous venez de r\u00e9pondre. Voyez ce que d&rsquo;autres citoyens du monde pensent.<\/h4>\n\t\t\t\t<img decoding=\"async\" src=\"https:\/\/riskcensus.org\/wp-content\/uploads\/2022\/02\/planet-earth_fkH5UPuO-e1644502545873.png\" alt=\"Terre\" title=\"Plan\u00e8te Terre\" itemprop=\"image\"\/>\n\t\t\t<h3>Traduction des r\u00e9sultats<\/h3>\t\t\t\n\t\t\t\t<p>Veuillez noter que les r\u00e9sultats sont actuellement disponibles que en anglais. Les r\u00e9sultats traduits seront pr\u00e9sent\u00e9s annuellement dans le rapport de fin d&rsquo;ann\u00e9e.<\/p>\n\t<p><div id=\"chart__frm_column1\" style=\"height:500;width:100%\"><\/div> <div id=\"chart__frm_pie2\" style=\"height:500;width:100%\"><\/div> <div id=\"chart__frm_pie3\" style=\"height:500;width:100%\"><\/div> <div id=\"chart__frm_pie4\" style=\"height:500;width:100%\"><\/div> <div id=\"chart__frm_pie5\" style=\"height:500;width:100%\"><\/div> <div id=\"chart__frm_bar6\" style=\"height:500;width:100%\"><\/div><\/p>\n<h4>\n\t\t\u00cates-vous pr\u00eat \u00e0 participer au questionnaire principal&nbsp;?\n\t<\/h4>\n\t\t\t\t\t\t\t\t\t\t\t\t<h3>POURQUOI PARTICIPER ?<\/h3>\n\t\t\t<!-- END .front -->\n\t\t\t\t\t\t\t\t\t\t<h3>Anticiper les risques ensemble<\/h3>\n\t\t\t\t\t\t<p>Nous ne r\u00e9ussirons que si nous avons des participants de tous horizons, du monde entier.<br \/>Cela signifie que votre voix compte.<\/p>\t\t\t\t\t\n\t\t\t<!-- END .back -->\n\t\t <!-- ifb-flip-box -->\n\t <!-- flip-box -->\n\t\t<h3>Participer sans inscription<\/h3>\n\t\tParticiper au recensement sans inscription<br \/>\n(certaines restrictions s&rsquo;appliquent)\n\t\t\t<a href=\"https:\/\/riskcensus.org\/fr\/repertoire-des-recensements\/\" target=\"_self\" role=\"button\" rel=\"noopener\">\n\t\t\t\t\t\t\tParticipez maintenant\n\t\t\t<\/a>\n\t\t<h3>Inscrivez-vous d&rsquo;abord, puis participez<\/h3>\n\t\t<p>Inscrivez-vous d&rsquo;abord pour la meilleure exp\u00e9rience. N&rsquo;oubliez pas que Recensement mondial des risques est un service public gratuit ; il n&rsquo;y a pas de frais.<\/p>\n\t\t\t<a href=\"https:\/\/riskcensus.org\/registration\/\" target=\"_self\" role=\"button\" rel=\"noopener\">\n\t\t\t\t\t\t\tInscrivez-vous puis participez\n\t\t\t<\/a>\n\t\t\t<a href=\"https:\/\/riskcensus.org\/fr\/\" target=\"_self\" role=\"button\" aria-label=\"RETOUR \u00c0 L&#039;ACCUEIL\" rel=\"noopener\">\n\t\t\t\t\t\t\t\t\t\t\tRETOUR \u00c0 L&rsquo;ACCUEIL\n\t\t<\/a>\n\n","protected":false},"excerpt":{"rendered":"<p>Le Recensement mondial des risques R\u00e9sultats du questionnaire rapide Il s&rsquo;agit des r\u00e9sultats mondiaux cumul\u00e9s en temps r\u00e9el du questionnaire rapide auquel vous venez de r\u00e9pondre. Voyez ce que d&rsquo;autres citoyens du monde pensent. Traduction des r\u00e9sultats Veuillez noter que les r\u00e9sultats sont actuellement disponibles que en anglais. Les r\u00e9sultats traduits seront pr\u00e9sent\u00e9s annuellement dans&hellip;<\/p>\n","protected":false},"author":1,"featured_media":0,"parent":0,"menu_order":0,"comment_status":"closed","ping_status":"closed","template":"","meta":{"_acf_changed":false,"loftloader_pro_show_once":"","loftloader_pro_page_shortcode":"[loftloader loftloader_pro_main_switch=on loftloader_pro_show_range=sitewide loftloader_pro_enable_random_message_text=\"\" loftloader_bgfilltype=solid loftloader_pro_bg_color=#651d8e loftloader_bgopacity=80 loftloader_pro_bg_animation=up loftloader_pro_bg_gradient=off loftloader_animation=imgrotating loftloader_customimg=\"https:\/\/riskcensus.org\/wp-content\/uploads\/2021\/07\/Census-icon-black-back-512px-wide.png\" loftloader_imgwidth=120 loftloader_responsive_design_max_width=50 loftloader_rotatedirection=2d loftloader_rotate_curve=\"\" loftloader_rotation_2d=\"\" loftloader_progress=bar-number loftloader_barposition=middle loftloader_barwidth=30 loftloader_pro_progress_width_unit=\"\" loftloader_barheight=10 loftloader_pro_progress_color=#fcc04e loftloader_pro_progress_bar_enable_gradient_color=on loftloader_pro_progress_bar_gradient_start_color=#fcc04e loftloader_pro_progress_bar_gradient_end_color=#008900 loftloader_percentagesize=16 loftloader_pro_progress_number_enable_google_font=off loftloader_pro_progress_number_font_family=\"Lato\" loftloader_pro_progress_number_font_weight=100 loftloader_pro_progress_number_letter_spacing=0 loftloader_pro_message_text=\"Q2hhcmdlbWVudCBkZXMgcsOpc3VsdGF0cyBlbiB0ZW1wcyByw6llbCwgdmV1aWxsZXogcGF0aWVudGVyLg==\" loftloader_pro_message_position=bottom loftloader_pro_message_size=23 loftloader_pro_message_color=#eeee22 loftloader_pro_message_enable_google_font=off loftloader_pro_message_font_family=\"Lato\" loftloader_pro_message_font_weight=800 loftloader_pro_message_letter_spacing=0 loftloader_pro_message_line_height=2.0 loftloader_pro_load_time=5.0 loftloader_pro_max_load_time=15.0 loftloader_pro_device=all loftloader_pro_disable_page_scrolling=off loftloader_pro_enable_close_button=on loftloader_pro_show_close_timer=10 loftloader_pro_show_close_tip=\"Rm9yY2VkIGVudHJ5\" loftloader_pro_inner_elements_entrance_animation=\"\" loftloader_pro_inner_elements_exit_animation=inner-end-up loftloader_pro_adaptive_loading_screen_height_on_mobile=off loftloader_pro_custom_css=\"IiI=\" loftloader_pro_detect_elements=media loftloader_pro_detect_autoplay_video=\"\"]","footnotes":""},"class_list":["post-5434","page","type-page","status-publish","hentry"],"acf":[],"_links":{"self":[{"href":"https:\/\/riskcensus.org\/fr\/wp-json\/wp\/v2\/pages\/5434","targetHints":{"allow":["GET"]}}],"collection":[{"href":"https:\/\/riskcensus.org\/fr\/wp-json\/wp\/v2\/pages"}],"about":[{"href":"https:\/\/riskcensus.org\/fr\/wp-json\/wp\/v2\/types\/page"}],"author":[{"embeddable":true,"href":"https:\/\/riskcensus.org\/fr\/wp-json\/wp\/v2\/users\/1"}],"replies":[{"embeddable":true,"href":"https:\/\/riskcensus.org\/fr\/wp-json\/wp\/v2\/comments?post=5434"}],"version-history":[{"count":0,"href":"https:\/\/riskcensus.org\/fr\/wp-json\/wp\/v2\/pages\/5434\/revisions"}],"wp:attachment":[{"href":"https:\/\/riskcensus.org\/fr\/wp-json\/wp\/v2\/media?parent=5434"}],"curies":[{"name":"wp","href":"https:\/\/api.w.org\/{rel}","templated":true}]}}